{"id":3842,"date":"2024-11-16T11:14:08","date_gmt":"2024-11-16T11:14:08","guid":{"rendered":"https:\/\/motoshopextreme.ba\/?post_type=product&#038;p=3842"},"modified":"2024-11-16T11:17:12","modified_gmt":"2024-11-16T11:17:12","slug":"adrenaline-scrambler-2-0-rukavice-za-motor","status":"publish","type":"product","link":"https:\/\/motoshopextreme.ba\/?product=adrenaline-scrambler-2-0-rukavice-za-motor","title":{"rendered":"ADRENALINE SCRAMBLER 2.0 Rukavice za Motor"},"content":{"rendered":"","protected":false},"excerpt":{"rendered":"<p>Adrenaline Scrambler 2.0 rukavice su savr\u0161en izbor za voza\u010de koji tra\u017ee svestranost, udobnost i za\u0161titu tokom vo\u017enje. Ove rukavice nude izuzetnu fleksibilnost, ali i potrebnu za\u0161titu na klju\u010dnim mestima.<\/p>\n<p><strong>Karakteristike:<\/strong><\/p>\n<ul>\n<li><strong>Izdr\u017eljivost<\/strong>: Kombinacija sinteti\u010dkih i tekstilnih materijala koji pru\u017eaju dugotrajan \u017eivotni vek.<\/li>\n<li><strong>Za\u0161tita<\/strong>: Oja\u010danja na prstima, dlanu i zglobovima za sigurnost u slu\u010daju padova.<\/li>\n<li><strong>Udobnost<\/strong>: Mekani materijali sa odli\u010dnom ventilacijom, pogodne za du\u017ee vo\u017enje.<\/li>\n<li><strong>Pobolj\u0161ana kontrola<\/strong>: Antislip povr\u0161ine za bolji zahvat na upravlja\u010du i ko\u010dnicama.<\/li>\n<\/ul>\n<p>Savr\u0161en izbor za sve voza\u010de koji tra\u017ee balans izme\u0111u performansi, za\u0161tite i stila.<\/p>\n","protected":false},"featured_media":3847,"template":"","meta":[],"product_brand":[],"product_cat":[156],"product_tag":[],"class_list":{"0":"post-3842","1":"product","2":"type-product","3":"status-publish","4":"has-post-thumbnail","6":"product_cat-cestovne-rukavice","8":"first","9":"instock","10":"taxable","11":"shipping-taxable","12":"purchasable","13":"product-type-variable"},"_links":{"self":[{"href":"https:\/\/motoshopextreme.ba\/index.php?rest_route=\/wp\/v2\/product\/3842","targetHints":{"allow":["GET"]}}],"collection":[{"href":"https:\/\/motoshopextreme.ba\/index.php?rest_route=\/wp\/v2\/product"}],"about":[{"href":"https:\/\/motoshopextreme.ba\/index.php?rest_route=\/wp\/v2\/types\/product"}],"wp:featuredmedia":[{"embeddable":true,"href":"https:\/\/motoshopextreme.ba\/index.php?rest_route=\/wp\/v2\/media\/3847"}],"wp:attachment":[{"href":"https:\/\/motoshopextreme.ba\/index.php?rest_route=%2Fwp%2Fv2%2Fmedia&parent=3842"}],"wp:term":[{"taxonomy":"product_brand","embeddable":true,"href":"https:\/\/motoshopextreme.ba\/index.php?rest_route=%2Fwp%2Fv2%2Fproduct_brand&post=3842"},{"taxonomy":"product_cat","embeddable":true,"href":"https:\/\/motoshopextreme.ba\/index.php?rest_route=%2Fwp%2Fv2%2Fproduct_cat&post=3842"},{"taxonomy":"product_tag","embeddable":true,"href":"https:\/\/motoshopextreme.ba\/index.php?rest_route=%2Fwp%2Fv2%2Fproduct_tag&post=3842"}],"curies":[{"name":"wp","href":"https:\/\/api.w.org\/{rel}","templated":true}]}}