{"id":3856,"date":"2024-11-16T11:20:42","date_gmt":"2024-11-16T11:20:42","guid":{"rendered":"https:\/\/motoshopextreme.ba\/?post_type=product&#038;p=3856"},"modified":"2024-11-16T11:23:24","modified_gmt":"2024-11-16T11:23:24","slug":"adrenaline-opium-2-0-rukavice-za-motor","status":"publish","type":"product","link":"https:\/\/motoshopextreme.ba\/?product=adrenaline-opium-2-0-rukavice-za-motor","title":{"rendered":"ADRENALINE OPIUM 2.0 Rukavice za Motor"},"content":{"rendered":"","protected":false},"excerpt":{"rendered":"<p>Adrenaline Opium 2.0 rukavice su dizajnirane za voza\u010de koji tra\u017ee vrhunski komfor, stil i za\u0161titu na cestama. Izra\u0111ene od visokokvalitetnih materijala, pru\u017eaju odli\u010dnu ventilaciju, fleksibilnost i dugotrajan u\u010dinak.<\/p>\n<p><strong>Karakteristike:<\/strong><\/p>\n<ul>\n<li><strong>Udobnost i ventilacija<\/strong>: Prozra\u010dne tkanine za udobnost tokom dugih vo\u017enji.<\/li>\n<li><strong>Za\u0161tita<\/strong>: Poja\u010danja na dlanovima i zglobovima za dodatnu sigurnost.<\/li>\n<li><strong>Ergonomski dizajn<\/strong>: Prilago\u0111ene za savr\u0161en fit i lako manevrisanje.<\/li>\n<li><strong>Stil i funkcionalnost<\/strong>: Moderan dizajn koji odra\u017eava urbanog voza\u010da, idealne za cestovnu vo\u017enju.<\/li>\n<\/ul>\n","protected":false},"featured_media":3861,"template":"","meta":[],"product_brand":[],"product_cat":[156],"product_tag":[],"class_list":{"0":"post-3856","1":"product","2":"type-product","3":"status-publish","4":"has-post-thumbnail","6":"product_cat-cestovne-rukavice","8":"first","9":"instock","10":"taxable","11":"shipping-taxable","12":"purchasable","13":"product-type-variable"},"_links":{"self":[{"href":"https:\/\/motoshopextreme.ba\/index.php?rest_route=\/wp\/v2\/product\/3856","targetHints":{"allow":["GET"]}}],"collection":[{"href":"https:\/\/motoshopextreme.ba\/index.php?rest_route=\/wp\/v2\/product"}],"about":[{"href":"https:\/\/motoshopextreme.ba\/index.php?rest_route=\/wp\/v2\/types\/product"}],"wp:featuredmedia":[{"embeddable":true,"href":"https:\/\/motoshopextreme.ba\/index.php?rest_route=\/wp\/v2\/media\/3861"}],"wp:attachment":[{"href":"https:\/\/motoshopextreme.ba\/index.php?rest_route=%2Fwp%2Fv2%2Fmedia&parent=3856"}],"wp:term":[{"taxonomy":"product_brand","embeddable":true,"href":"https:\/\/motoshopextreme.ba\/index.php?rest_route=%2Fwp%2Fv2%2Fproduct_brand&post=3856"},{"taxonomy":"product_cat","embeddable":true,"href":"https:\/\/motoshopextreme.ba\/index.php?rest_route=%2Fwp%2Fv2%2Fproduct_cat&post=3856"},{"taxonomy":"product_tag","embeddable":true,"href":"https:\/\/motoshopextreme.ba\/index.php?rest_route=%2Fwp%2Fv2%2Fproduct_tag&post=3856"}],"curies":[{"name":"wp","href":"https:\/\/api.w.org\/{rel}","templated":true}]}}