{"id":3863,"date":"2024-11-16T11:24:29","date_gmt":"2024-11-16T11:24:29","guid":{"rendered":"https:\/\/motoshopextreme.ba\/?post_type=product&#038;p=3863"},"modified":"2024-11-16T11:28:10","modified_gmt":"2024-11-16T11:28:10","slug":"adrenaline-lynx-rukavice-za-motor","status":"publish","type":"product","link":"https:\/\/motoshopextreme.ba\/?product=adrenaline-lynx-rukavice-za-motor","title":{"rendered":"ADRENALINE LYNX Rukavice za Motor"},"content":{"rendered":"","protected":false},"excerpt":{"rendered":"<p>Adrenaline Lynx rukavice su dugacke cestovne rukavice dizajnirane za voza\u010de koji tra\u017ee vrhunsku udobnost i za\u0161titu tokom dugih vo\u017enji. Izra\u0111ene od visokokvalitetnih materijala, pru\u017eaju odli\u010dnu fleksibilnost i za\u0161titu, bez \u017ertvovanja komfora. Savr\u0161ene su za vo\u017enju po asfaltiranim cestama i nude pobolj\u0161anu ventilaciju i savr\u0161en fit.<\/p>\n<p><strong>Karakteristike:<\/strong><\/p>\n<ul>\n<li><strong>Dugacki dizajn<\/strong>: Pru\u017ea dodatnu za\u0161titu do zape\u0161\u0107a.<\/li>\n<li><strong>Udobnost i ventilacija<\/strong>: Prozra\u010dni materijali za udobnost tokom vo\u017enje.<\/li>\n<li><strong>Za\u0161tita<\/strong>: Oja\u010danja na kriti\u010dnim mestima za ve\u0107u sigurnost.<\/li>\n<\/ul>\n","protected":false},"featured_media":3868,"template":"","meta":[],"product_brand":[],"product_cat":[156],"product_tag":[],"class_list":{"0":"post-3863","1":"product","2":"type-product","3":"status-publish","4":"has-post-thumbnail","6":"product_cat-cestovne-rukavice","8":"first","9":"instock","10":"taxable","11":"shipping-taxable","12":"purchasable","13":"product-type-variable"},"_links":{"self":[{"href":"https:\/\/motoshopextreme.ba\/index.php?rest_route=\/wp\/v2\/product\/3863","targetHints":{"allow":["GET"]}}],"collection":[{"href":"https:\/\/motoshopextreme.ba\/index.php?rest_route=\/wp\/v2\/product"}],"about":[{"href":"https:\/\/motoshopextreme.ba\/index.php?rest_route=\/wp\/v2\/types\/product"}],"wp:featuredmedia":[{"embeddable":true,"href":"https:\/\/motoshopextreme.ba\/index.php?rest_route=\/wp\/v2\/media\/3868"}],"wp:attachment":[{"href":"https:\/\/motoshopextreme.ba\/index.php?rest_route=%2Fwp%2Fv2%2Fmedia&parent=3863"}],"wp:term":[{"taxonomy":"product_brand","embeddable":true,"href":"https:\/\/motoshopextreme.ba\/index.php?rest_route=%2Fwp%2Fv2%2Fproduct_brand&post=3863"},{"taxonomy":"product_cat","embeddable":true,"href":"https:\/\/motoshopextreme.ba\/index.php?rest_route=%2Fwp%2Fv2%2Fproduct_cat&post=3863"},{"taxonomy":"product_tag","embeddable":true,"href":"https:\/\/motoshopextreme.ba\/index.php?rest_route=%2Fwp%2Fv2%2Fproduct_tag&post=3863"}],"curies":[{"name":"wp","href":"https:\/\/api.w.org\/{rel}","templated":true}]}}