{"id":3993,"date":"2024-11-16T19:24:43","date_gmt":"2024-11-16T19:24:43","guid":{"rendered":"https:\/\/motoshopextreme.ba\/?post_type=product&#038;p=3993"},"modified":"2024-11-16T19:27:26","modified_gmt":"2024-11-16T19:27:26","slug":"adrenaline-fringes-kozna-bocna-torba-za-motor","status":"publish","type":"product","link":"https:\/\/motoshopextreme.ba\/?product=adrenaline-fringes-kozna-bocna-torba-za-motor","title":{"rendered":"ADRENALINE FRINGES Ko\u017ena Bo\u010dna Torba za Motor"},"content":{"rendered":"","protected":false},"excerpt":{"rendered":"<p>ADRENALINE bo\u010dne torbe, poznate i kao bisegi, predstavljaju idealan dodatak za Chopper i Cruiser motocikle. Njihov klasi\u010dan dizajn s metalnim zakovicama pru\u017ea atraktivan izgled, dok prostranost i funkcionalnost zadovoljavaju potrebe svakog motocikliste.<\/p>\n<h3>Karakteristike:<\/h3>\n<ul>\n<li><strong>Kvalitetni materijali<\/strong> Izra\u0111ene od izdr\u017eljive sinteti\u010dke ko\u017ee koja osigurava dugotrajnost i otpornost na vremenske uslove.<\/li>\n<li><strong>Dekorativne zakovice<\/strong> Metalni detalji isti\u010du elegantan i robustan dizajn, savr\u0161eno se uklapaju\u0107i uz stil motocikla.<\/li>\n<li><strong>Veliki kapacitet<\/strong> Prostrane unutra\u0161njosti nude dovoljno prostora za odlaganje stvari poput dodatne opreme, odje\u0107e ili osnovnih potrep\u0161tina za put.<\/li>\n<\/ul>\n","protected":false},"featured_media":3994,"template":"","meta":[],"product_brand":[],"product_cat":[183],"product_tag":[],"class_list":{"0":"post-3993","1":"product","2":"type-product","3":"status-publish","4":"has-post-thumbnail","6":"product_cat-dodatci-vozace","8":"first","9":"instock","10":"taxable","11":"shipping-taxable","12":"purchasable","13":"product-type-simple"},"_links":{"self":[{"href":"https:\/\/motoshopextreme.ba\/index.php?rest_route=\/wp\/v2\/product\/3993","targetHints":{"allow":["GET"]}}],"collection":[{"href":"https:\/\/motoshopextreme.ba\/index.php?rest_route=\/wp\/v2\/product"}],"about":[{"href":"https:\/\/motoshopextreme.ba\/index.php?rest_route=\/wp\/v2\/types\/product"}],"wp:featuredmedia":[{"embeddable":true,"href":"https:\/\/motoshopextreme.ba\/index.php?rest_route=\/wp\/v2\/media\/3994"}],"wp:attachment":[{"href":"https:\/\/motoshopextreme.ba\/index.php?rest_route=%2Fwp%2Fv2%2Fmedia&parent=3993"}],"wp:term":[{"taxonomy":"product_brand","embeddable":true,"href":"https:\/\/motoshopextreme.ba\/index.php?rest_route=%2Fwp%2Fv2%2Fproduct_brand&post=3993"},{"taxonomy":"product_cat","embeddable":true,"href":"https:\/\/motoshopextreme.ba\/index.php?rest_route=%2Fwp%2Fv2%2Fproduct_cat&post=3993"},{"taxonomy":"product_tag","embeddable":true,"href":"https:\/\/motoshopextreme.ba\/index.php?rest_route=%2Fwp%2Fv2%2Fproduct_tag&post=3993"}],"curies":[{"name":"wp","href":"https:\/\/api.w.org\/{rel}","templated":true}]}}