{"id":4009,"date":"2024-11-16T19:43:34","date_gmt":"2024-11-16T19:43:34","guid":{"rendered":"https:\/\/motoshopextreme.ba\/?post_type=product&#038;p=4009"},"modified":"2024-11-16T19:45:11","modified_gmt":"2024-11-16T19:45:11","slug":"oxford-m18-18l-tank-torba-za-motor","status":"publish","type":"product","link":"https:\/\/motoshopextreme.ba\/?product=oxford-m18-18l-tank-torba-za-motor","title":{"rendered":"OXFORD M18 (18L) Tank Torba za Motor"},"content":{"rendered":"","protected":false},"excerpt":{"rendered":"<p>M18 Tank Bag OXFORD je prakti\u010dna i prostrana torba za rezervoar, savr\u0161ena za du\u017ea putovanja i avanture. Sa kapacitetom od 18 litara, ova torba nudi dovoljno prostora za va\u0161u opremu, dodatnu odje\u0107u i druge potrep\u0161tine, osiguravaju\u0107i prakti\u010dnost i organizaciju tokom vo\u017enje.<\/p>\n<h3>Karakteristike:<\/h3>\n<ul>\n<li><strong>Veliki kapacitet (18L)<\/strong> Idealan za odlaganje ve\u0107e koli\u010dine stvari, uklju\u010duju\u0107i odje\u0107u, rukavice, dokumente i dodatke.<\/li>\n<li><strong>Modularni dizajn<\/strong> Torba se mo\u017ee koristiti u razli\u010ditim konfiguracijama zahvaljuju\u0107i mogu\u0107nosti pro\u0161irivanja prostora.<\/li>\n<li><strong>Magnetsko pri\u010dvr\u0161\u0107ivanje<\/strong> Omogu\u0107ava brzo i sigurno montiranje na metalne rezervoare bez komplikovanih sistema vezanja.<\/li>\n<li><strong>Prozirni gornji dio<\/strong> Prakti\u010dan prostor za mapu ili ure\u0111aje poput GPS-a i telefona, olak\u0161avaju\u0107i navigaciju tokom vo\u017enje.<\/li>\n<li><strong>Vodootporan dizajn<\/strong> Dolazi s ki\u0161nom navlakom koja \u0161titi sadr\u017eaj torbe od ki\u0161e i vlage.<\/li>\n<li><strong>\u010cvrsta konstrukcija<\/strong> Napravljena od otpornog materijala koji garantuje dugotrajnu upotrebu i otpornost na habanje.<\/li>\n<li><strong>Prenosiva torba<\/strong> Kada nije pri\u010dvr\u0161\u0107ena na motocikl, torba se mo\u017ee koristiti kao ru\u010dna torba zahvaljuju\u0107i prakti\u010dnim ru\u010dkama i naramenici.<\/li>\n<\/ul>\n","protected":false},"featured_media":4010,"template":"","meta":[],"product_brand":[],"product_cat":[183],"product_tag":[],"class_list":{"0":"post-4009","1":"product","2":"type-product","3":"status-publish","4":"has-post-thumbnail","6":"product_cat-dodatci-vozace","8":"first","9":"instock","10":"taxable","11":"shipping-taxable","12":"purchasable","13":"product-type-simple"},"_links":{"self":[{"href":"https:\/\/motoshopextreme.ba\/index.php?rest_route=\/wp\/v2\/product\/4009","targetHints":{"allow":["GET"]}}],"collection":[{"href":"https:\/\/motoshopextreme.ba\/index.php?rest_route=\/wp\/v2\/product"}],"about":[{"href":"https:\/\/motoshopextreme.ba\/index.php?rest_route=\/wp\/v2\/types\/product"}],"wp:featuredmedia":[{"embeddable":true,"href":"https:\/\/motoshopextreme.ba\/index.php?rest_route=\/wp\/v2\/media\/4010"}],"wp:attachment":[{"href":"https:\/\/motoshopextreme.ba\/index.php?rest_route=%2Fwp%2Fv2%2Fmedia&parent=4009"}],"wp:term":[{"taxonomy":"product_brand","embeddable":true,"href":"https:\/\/motoshopextreme.ba\/index.php?rest_route=%2Fwp%2Fv2%2Fproduct_brand&post=4009"},{"taxonomy":"product_cat","embeddable":true,"href":"https:\/\/motoshopextreme.ba\/index.php?rest_route=%2Fwp%2Fv2%2Fproduct_cat&post=4009"},{"taxonomy":"product_tag","embeddable":true,"href":"https:\/\/motoshopextreme.ba\/index.php?rest_route=%2Fwp%2Fv2%2Fproduct_tag&post=4009"}],"curies":[{"name":"wp","href":"https:\/\/api.w.org\/{rel}","templated":true}]}}