{"id":4026,"date":"2024-11-16T20:07:43","date_gmt":"2024-11-16T20:07:43","guid":{"rendered":"https:\/\/motoshopextreme.ba\/?post_type=product&#038;p=4026"},"modified":"2024-11-16T20:11:44","modified_gmt":"2024-11-16T20:11:44","slug":"alpinestars-nucleon-kr-cell-stitnik-za-leda-kornjaca","status":"publish","type":"product","link":"https:\/\/motoshopextreme.ba\/?product=alpinestars-nucleon-kr-cell-stitnik-za-leda-kornjaca","title":{"rendered":"ALPINESTARS NUCLEON KR-CELL \u0160titnik za Le\u0111a Kornja\u010da"},"content":{"rendered":"","protected":false},"excerpt":{"rendered":"<p>Alpinestars Nucleon KR-Cell je visokokvalitetni back protektor koji pru\u017ea vrhunski nivo za\u0161tite le\u0111a tokom motociklisti\u010dkih vo\u017enji. Izra\u0111en od inovativnog Nucleon KR-Cell materijala, ovaj protektor nudi izuzetnu za\u0161titu od udaraca i povreda, apsorbuju\u0107i energiju pri kontaktu, dok istovremeno ostaje lagan i fleksibilan. Unato\u010d visokom nivou za\u0161tite, protektor je izuzetno lagan, \u0161to omogu\u0107ava udobno no\u0161enje i slobodu pokreta tokom vo\u017enje.<\/p>\n<p>Ergonomski dizajn omogu\u0107ava savr\u0161eno prilago\u0111avanje prirodnim konturama tela, pru\u017eaju\u0107i maksimalnu udobnost i stabilnost, dok napredna ventilacija smanjuje znojenje, \u010dine\u0107i ga pogodnim za du\u017ee vo\u017enje, \u010dak i u vru\u0107im uslovima. Podesive trake omogu\u0107avaju precizno pode\u0161avanje i sigurnu, stabilnu poziciju protektora na telu, prilagodljivo razli\u010ditim veli\u010dinama i tipovima tela.<\/p>\n<p>Dodatno, mekani materijali u kontaktu s telom pru\u017eaju udobnost i spre\u010davaju iritacije, a fleksibilnost protektora omogu\u0107ava nesmetane pokrete bez ograni\u010denja. Alpinestars Nucleon KR-Cell ispunjava evropske sigurnosne standarde, garantuju\u0107i visoki nivo za\u0161tite za motocikliste koji \u017eele savr\u0161en balans izme\u0111u sigurnosti, udobnosti i slobode pokreta.<\/p>\n","protected":false},"featured_media":4027,"template":"","meta":[],"product_brand":[],"product_cat":[67],"product_tag":[],"class_list":{"0":"post-4026","1":"product","2":"type-product","3":"status-publish","4":"has-post-thumbnail","6":"product_cat-zastitna-odjeca","8":"first","9":"instock","10":"taxable","11":"shipping-taxable","12":"purchasable","13":"product-type-simple"},"_links":{"self":[{"href":"https:\/\/motoshopextreme.ba\/index.php?rest_route=\/wp\/v2\/product\/4026","targetHints":{"allow":["GET"]}}],"collection":[{"href":"https:\/\/motoshopextreme.ba\/index.php?rest_route=\/wp\/v2\/product"}],"about":[{"href":"https:\/\/motoshopextreme.ba\/index.php?rest_route=\/wp\/v2\/types\/product"}],"wp:featuredmedia":[{"embeddable":true,"href":"https:\/\/motoshopextreme.ba\/index.php?rest_route=\/wp\/v2\/media\/4027"}],"wp:attachment":[{"href":"https:\/\/motoshopextreme.ba\/index.php?rest_route=%2Fwp%2Fv2%2Fmedia&parent=4026"}],"wp:term":[{"taxonomy":"product_brand","embeddable":true,"href":"https:\/\/motoshopextreme.ba\/index.php?rest_route=%2Fwp%2Fv2%2Fproduct_brand&post=4026"},{"taxonomy":"product_cat","embeddable":true,"href":"https:\/\/motoshopextreme.ba\/index.php?rest_route=%2Fwp%2Fv2%2Fproduct_cat&post=4026"},{"taxonomy":"product_tag","embeddable":true,"href":"https:\/\/motoshopextreme.ba\/index.php?rest_route=%2Fwp%2Fv2%2Fproduct_tag&post=4026"}],"curies":[{"name":"wp","href":"https:\/\/api.w.org\/{rel}","templated":true}]}}