{"id":4029,"date":"2024-11-16T20:12:43","date_gmt":"2024-11-16T20:12:43","guid":{"rendered":"https:\/\/motoshopextreme.ba\/?post_type=product&#038;p=4029"},"modified":"2024-11-16T20:14:29","modified_gmt":"2024-11-16T20:14:29","slug":"adrenaline-stone-ppe-stitnik-za-tijelo-kornjaca","status":"publish","type":"product","link":"https:\/\/motoshopextreme.ba\/?product=adrenaline-stone-ppe-stitnik-za-tijelo-kornjaca","title":{"rendered":"ADRENALINE STONE PPE \u0160titnik za Tijelo Kornja\u010da"},"content":{"rendered":"","protected":false},"excerpt":{"rendered":"<p>Adrenaline Stone PPE body armour (kornja\u010da) je vrhunski za\u0161titni oklop dizajniran za motocikliste koji tra\u017ee pouzdanu za\u0161titu, udobnost i slobodu pokreta. Izra\u0111en od visokokvalitetnih materijala, ovaj body armour pru\u017ea izuzetnu za\u0161titu od udaraca i povreda, posebno u kriti\u010dnim podru\u010djima kao \u0161to su le\u0111a, grudi, laktovi i ramena.<\/p>\n<p>S njegovim naprednim dizajnom, Adrenaline Stone PPE kornja\u010da nudi optimalnu ventilaciju, \u010dime se smanjuje znojenje i odr\u017eava udobnost tokom du\u017eih vo\u017enji. Fleksibilnost materijala omogu\u0107ava prirodan i nesmetan pokret, pa motociklista mo\u017ee da se kre\u0107e s punom slobodom, bez ikakvih ograni\u010denja.<\/p>\n","protected":false},"featured_media":4030,"template":"","meta":[],"product_brand":[],"product_cat":[67],"product_tag":[],"class_list":{"0":"post-4029","1":"product","2":"type-product","3":"status-publish","4":"has-post-thumbnail","6":"product_cat-zastitna-odjeca","8":"first","9":"instock","10":"taxable","11":"shipping-taxable","12":"purchasable","13":"product-type-simple"},"_links":{"self":[{"href":"https:\/\/motoshopextreme.ba\/index.php?rest_route=\/wp\/v2\/product\/4029","targetHints":{"allow":["GET"]}}],"collection":[{"href":"https:\/\/motoshopextreme.ba\/index.php?rest_route=\/wp\/v2\/product"}],"about":[{"href":"https:\/\/motoshopextreme.ba\/index.php?rest_route=\/wp\/v2\/types\/product"}],"wp:featuredmedia":[{"embeddable":true,"href":"https:\/\/motoshopextreme.ba\/index.php?rest_route=\/wp\/v2\/media\/4030"}],"wp:attachment":[{"href":"https:\/\/motoshopextreme.ba\/index.php?rest_route=%2Fwp%2Fv2%2Fmedia&parent=4029"}],"wp:term":[{"taxonomy":"product_brand","embeddable":true,"href":"https:\/\/motoshopextreme.ba\/index.php?rest_route=%2Fwp%2Fv2%2Fproduct_brand&post=4029"},{"taxonomy":"product_cat","embeddable":true,"href":"https:\/\/motoshopextreme.ba\/index.php?rest_route=%2Fwp%2Fv2%2Fproduct_cat&post=4029"},{"taxonomy":"product_tag","embeddable":true,"href":"https:\/\/motoshopextreme.ba\/index.php?rest_route=%2Fwp%2Fv2%2Fproduct_tag&post=4029"}],"curies":[{"name":"wp","href":"https:\/\/api.w.org\/{rel}","templated":true}]}}