{"id":4032,"date":"2024-11-16T20:16:54","date_gmt":"2024-11-16T20:16:54","guid":{"rendered":"https:\/\/motoshopextreme.ba\/?post_type=product&#038;p=4032"},"modified":"2024-11-16T20:17:57","modified_gmt":"2024-11-16T20:17:57","slug":"fly-racing-5-pivot-stitnici-za-koljena","status":"publish","type":"product","link":"https:\/\/motoshopextreme.ba\/?product=fly-racing-5-pivot-stitnici-za-koljena","title":{"rendered":"FLY RACING 5 PIVOT \u0160titnici za Koljena"},"content":{"rendered":"","protected":false},"excerpt":{"rendered":"<p>Fly Racing 5 Pivot knee guards (za\u0161tita za kolena) pru\u017eaju izuzetnu za\u0161titu i komfor za motocikliste i voza\u010de u svim vrstama off-road vo\u017enji. Ovi za\u0161titnici za kolena koriste napredni dizajn sa pivot sistemom, koji omogu\u0107ava prirodan i nesmetan pokret kolena tokom vo\u017enje, \u010dime se smanjuje rizik od povreda dok zadr\u017eavate potpunu slobodu kretanja.<\/p>\n<p>Fly Racing 5 Pivot knee guards su izra\u0111eni od visoko izdr\u017eljivih materijala koji apsorbuju udarce, \u0161tite\u0107i va\u0161a kolena od traume pri udarcima ili padovima. S dodatnim oja\u010danjima i ergonomskim oblikom, ovi \u0161titnici savr\u0161eno prianjaju uz telo, pru\u017eaju\u0107i udobnost i sigurnost, \u010dak i tokom du\u017eih vo\u017enji.<\/p>\n","protected":false},"featured_media":4033,"template":"","meta":[],"product_brand":[],"product_cat":[67],"product_tag":[],"class_list":{"0":"post-4032","1":"product","2":"type-product","3":"status-publish","4":"has-post-thumbnail","6":"product_cat-zastitna-odjeca","8":"first","9":"instock","10":"taxable","11":"shipping-taxable","12":"purchasable","13":"product-type-simple"},"_links":{"self":[{"href":"https:\/\/motoshopextreme.ba\/index.php?rest_route=\/wp\/v2\/product\/4032","targetHints":{"allow":["GET"]}}],"collection":[{"href":"https:\/\/motoshopextreme.ba\/index.php?rest_route=\/wp\/v2\/product"}],"about":[{"href":"https:\/\/motoshopextreme.ba\/index.php?rest_route=\/wp\/v2\/types\/product"}],"wp:featuredmedia":[{"embeddable":true,"href":"https:\/\/motoshopextreme.ba\/index.php?rest_route=\/wp\/v2\/media\/4033"}],"wp:attachment":[{"href":"https:\/\/motoshopextreme.ba\/index.php?rest_route=%2Fwp%2Fv2%2Fmedia&parent=4032"}],"wp:term":[{"taxonomy":"product_brand","embeddable":true,"href":"https:\/\/motoshopextreme.ba\/index.php?rest_route=%2Fwp%2Fv2%2Fproduct_brand&post=4032"},{"taxonomy":"product_cat","embeddable":true,"href":"https:\/\/motoshopextreme.ba\/index.php?rest_route=%2Fwp%2Fv2%2Fproduct_cat&post=4032"},{"taxonomy":"product_tag","embeddable":true,"href":"https:\/\/motoshopextreme.ba\/index.php?rest_route=%2Fwp%2Fv2%2Fproduct_tag&post=4032"}],"curies":[{"name":"wp","href":"https:\/\/api.w.org\/{rel}","templated":true}]}}