{"id":4034,"date":"2024-11-16T20:19:52","date_gmt":"2024-11-16T20:19:52","guid":{"rendered":"https:\/\/motoshopextreme.ba\/?post_type=product&#038;p=4034"},"modified":"2024-11-16T20:20:57","modified_gmt":"2024-11-16T20:20:57","slug":"adrenaline-gtx-2-0-pojas-stitnik-za-bubrege","status":"publish","type":"product","link":"https:\/\/motoshopextreme.ba\/?product=adrenaline-gtx-2-0-pojas-stitnik-za-bubrege","title":{"rendered":"ADRENALINE GTX 2.0 Pojas \u0160titnik za Bubrege"},"content":{"rendered":"","protected":false},"excerpt":{"rendered":"<p>Adrenaline GTX 2.0 pojas za bubrege je visokokvalitetni za\u0161titni pojas koji pru\u017ea izuzetnu podr\u0161ku i stabilnost za va\u0161a le\u0111a i bubrege tokom vo\u017enje. Dizajniran za motocikliste, ovaj pojas nudi dodatnu za\u0161titu u predelu donjeg dela le\u0111a, smanjuju\u0107i rizik od povreda usled udaraca ili nepravilnog dr\u017eanja tokom vo\u017enje.<\/p>\n<p>Izra\u0111en od izdr\u017eljivih materijala, Adrenaline GTX 2.0 pojas je lagan, ali izuzetno jak, pru\u017eaju\u0107i potrebnu \u010dvrstinu i podr\u0161ku. Pojas je oblo\u017een mekim materijalima za dodatnu udobnost i spre\u010dava iritacije pri du\u017eim vo\u017enjama. Pored toga, zahvaljuju\u0107i elasti\u010dnim trakama, pojas se lako pode\u0161ava, omogu\u0107avaju\u0107i savr\u0161eno prianjanje uz telo bez gubitka udobnosti.<\/p>\n","protected":false},"featured_media":4035,"template":"","meta":[],"product_brand":[],"product_cat":[67],"product_tag":[],"class_list":{"0":"post-4034","1":"product","2":"type-product","3":"status-publish","4":"has-post-thumbnail","6":"product_cat-zastitna-odjeca","8":"first","9":"instock","10":"taxable","11":"shipping-taxable","12":"purchasable","13":"product-type-simple"},"_links":{"self":[{"href":"https:\/\/motoshopextreme.ba\/index.php?rest_route=\/wp\/v2\/product\/4034","targetHints":{"allow":["GET"]}}],"collection":[{"href":"https:\/\/motoshopextreme.ba\/index.php?rest_route=\/wp\/v2\/product"}],"about":[{"href":"https:\/\/motoshopextreme.ba\/index.php?rest_route=\/wp\/v2\/types\/product"}],"wp:featuredmedia":[{"embeddable":true,"href":"https:\/\/motoshopextreme.ba\/index.php?rest_route=\/wp\/v2\/media\/4035"}],"wp:attachment":[{"href":"https:\/\/motoshopextreme.ba\/index.php?rest_route=%2Fwp%2Fv2%2Fmedia&parent=4034"}],"wp:term":[{"taxonomy":"product_brand","embeddable":true,"href":"https:\/\/motoshopextreme.ba\/index.php?rest_route=%2Fwp%2Fv2%2Fproduct_brand&post=4034"},{"taxonomy":"product_cat","embeddable":true,"href":"https:\/\/motoshopextreme.ba\/index.php?rest_route=%2Fwp%2Fv2%2Fproduct_cat&post=4034"},{"taxonomy":"product_tag","embeddable":true,"href":"https:\/\/motoshopextreme.ba\/index.php?rest_route=%2Fwp%2Fv2%2Fproduct_tag&post=4034"}],"curies":[{"name":"wp","href":"https:\/\/api.w.org\/{rel}","templated":true}]}}