{"id":4089,"date":"2025-01-10T20:44:34","date_gmt":"2025-01-10T20:44:34","guid":{"rendered":"https:\/\/motoshopextreme.ba\/?post_type=product&#038;p=4089"},"modified":"2025-01-10T20:46:25","modified_gmt":"2025-01-10T20:46:25","slug":"komplet-dihtunga-motora-cfmoto-cf-moto-800-950-1000","status":"publish","type":"product","link":"https:\/\/motoshopextreme.ba\/?product=komplet-dihtunga-motora-cfmoto-cf-moto-800-950-1000","title":{"rendered":"Komplet dihtunga motora CFMOTO CF MOTO 800\/950\/1000"},"content":{"rendered":"","protected":false},"excerpt":{"rendered":"<p>Komplet dihtunga motora za CFMOTO CF MOTO 800\/950\/1000 sadr\u017ei sve potrebne dihtunge za potpuno brtvljenje va\u0161eg motora, pru\u017eaju\u0107i sigurnost i optimalne performanse.<\/p>\n<ul>\n<li><strong>Kompatibilnost<\/strong>: Pogodan za modele CFORCE, ZFORCE i UFORCE s motorima od 800, 950 i 1000 ccm.<\/li>\n<li><strong>Kvalitetan materijal<\/strong>: Dihtunzi izra\u0111eni od visoko otpornog materijala, koji osigurava dugotrajnu za\u0161titu od curenja ulja i rashladne teku\u0107ine.<\/li>\n<\/ul>\n","protected":false},"featured_media":4090,"template":"","meta":[],"product_brand":[],"product_cat":[206],"product_tag":[],"class_list":{"0":"post-4089","1":"product","2":"type-product","3":"status-publish","4":"has-post-thumbnail","6":"product_cat-masina-cfmoto","8":"first","9":"onbackorder","10":"taxable","11":"shipping-taxable","12":"purchasable","13":"product-type-simple"},"_links":{"self":[{"href":"https:\/\/motoshopextreme.ba\/index.php?rest_route=\/wp\/v2\/product\/4089","targetHints":{"allow":["GET"]}}],"collection":[{"href":"https:\/\/motoshopextreme.ba\/index.php?rest_route=\/wp\/v2\/product"}],"about":[{"href":"https:\/\/motoshopextreme.ba\/index.php?rest_route=\/wp\/v2\/types\/product"}],"wp:featuredmedia":[{"embeddable":true,"href":"https:\/\/motoshopextreme.ba\/index.php?rest_route=\/wp\/v2\/media\/4090"}],"wp:attachment":[{"href":"https:\/\/motoshopextreme.ba\/index.php?rest_route=%2Fwp%2Fv2%2Fmedia&parent=4089"}],"wp:term":[{"taxonomy":"product_brand","embeddable":true,"href":"https:\/\/motoshopextreme.ba\/index.php?rest_route=%2Fwp%2Fv2%2Fproduct_brand&post=4089"},{"taxonomy":"product_cat","embeddable":true,"href":"https:\/\/motoshopextreme.ba\/index.php?rest_route=%2Fwp%2Fv2%2Fproduct_cat&post=4089"},{"taxonomy":"product_tag","embeddable":true,"href":"https:\/\/motoshopextreme.ba\/index.php?rest_route=%2Fwp%2Fv2%2Fproduct_tag&post=4089"}],"curies":[{"name":"wp","href":"https:\/\/api.w.org\/{rel}","templated":true}]}}