{"id":4097,"date":"2025-01-10T20:51:52","date_gmt":"2025-01-10T20:51:52","guid":{"rendered":"https:\/\/motoshopextreme.ba\/?post_type=product&#038;p=4097"},"modified":"2025-01-10T20:52:41","modified_gmt":"2025-01-10T20:52:41","slug":"spaner-lanca-fazni-za-cfmoto-cf-moto-950-1000","status":"publish","type":"product","link":"https:\/\/motoshopextreme.ba\/?product=spaner-lanca-fazni-za-cfmoto-cf-moto-950-1000","title":{"rendered":"\u0160paner lanca fazni za CFMOTO CF MOTO 950 1000"},"content":{"rendered":"","protected":false},"excerpt":{"rendered":"<p>\u0160paner lanca osigurava optimalnu napetost faznog lanca, omogu\u0107avaju\u0107i preciznu sinhronizaciju rada motora i sprje\u010davaju\u0107i prekomjerno habanje.<\/p>\n<ul>\n<li><strong>Kompatibilnost<\/strong>: Dizajniran za modele s motorima od 950 i 1000 ccm.<\/li>\n<li><strong>Visoka kvaliteta<\/strong>: Izra\u0111en od robusnih i trajnih materijala kako bi izdr\u017eao intenzivnu upotrebu.<\/li>\n<li><strong>Pouzdanost<\/strong>: Odr\u017eava stabilnost lanca pri visokim brzinama i temperaturama.<\/li>\n<\/ul>\n<p><strong>Prednosti:<\/strong><\/p>\n<ul>\n<li>Smanjuje buku i vibracije u radu motora.<\/li>\n<li>Pove\u0107ava dugotrajnost lanca i ostalih komponenti razvodnog sistema.<\/li>\n<li>Jednostavan za instalaciju i odr\u017eavanje.<\/li>\n<\/ul>\n","protected":false},"featured_media":4098,"template":"","meta":[],"product_brand":[],"product_cat":[206],"product_tag":[],"class_list":{"0":"post-4097","1":"product","2":"type-product","3":"status-publish","4":"has-post-thumbnail","6":"product_cat-masina-cfmoto","8":"first","9":"onbackorder","10":"taxable","11":"shipping-taxable","12":"purchasable","13":"product-type-simple"},"_links":{"self":[{"href":"https:\/\/motoshopextreme.ba\/index.php?rest_route=\/wp\/v2\/product\/4097","targetHints":{"allow":["GET"]}}],"collection":[{"href":"https:\/\/motoshopextreme.ba\/index.php?rest_route=\/wp\/v2\/product"}],"about":[{"href":"https:\/\/motoshopextreme.ba\/index.php?rest_route=\/wp\/v2\/types\/product"}],"wp:featuredmedia":[{"embeddable":true,"href":"https:\/\/motoshopextreme.ba\/index.php?rest_route=\/wp\/v2\/media\/4098"}],"wp:attachment":[{"href":"https:\/\/motoshopextreme.ba\/index.php?rest_route=%2Fwp%2Fv2%2Fmedia&parent=4097"}],"wp:term":[{"taxonomy":"product_brand","embeddable":true,"href":"https:\/\/motoshopextreme.ba\/index.php?rest_route=%2Fwp%2Fv2%2Fproduct_brand&post=4097"},{"taxonomy":"product_cat","embeddable":true,"href":"https:\/\/motoshopextreme.ba\/index.php?rest_route=%2Fwp%2Fv2%2Fproduct_cat&post=4097"},{"taxonomy":"product_tag","embeddable":true,"href":"https:\/\/motoshopextreme.ba\/index.php?rest_route=%2Fwp%2Fv2%2Fproduct_tag&post=4097"}],"curies":[{"name":"wp","href":"https:\/\/api.w.org\/{rel}","templated":true}]}}