{"id":4101,"date":"2025-01-10T20:53:59","date_gmt":"2025-01-10T20:53:59","guid":{"rendered":"https:\/\/motoshopextreme.ba\/?post_type=product&#038;p=4101"},"modified":"2025-01-10T20:54:31","modified_gmt":"2025-01-10T20:54:31","slug":"cilindar-za-cfmoto-cf-moto-1000","status":"publish","type":"product","link":"https:\/\/motoshopextreme.ba\/?product=cilindar-za-cfmoto-cf-moto-1000","title":{"rendered":"Cilindar za CFMOTO CF MOTO 1000"},"content":{"rendered":"","protected":false},"excerpt":{"rendered":"<p>Cilindar osigurava optimalnu kompresiju i efikasnost motora, pru\u017eaju\u0107i pouzdane performanse u svim uvjetima vo\u017enje.<\/p>\n<ul>\n<li><strong>Kompatibilnost<\/strong>: Prikladan za modele s motorima od 1000 ccm.<\/li>\n<li><strong>Visoka izdr\u017eljivost<\/strong>: Izra\u0111en od kvalitetnih materijala otpornih na habanje i visoke temperature.<\/li>\n<li><strong>Precizna izrada<\/strong>: Osigurava savr\u0161eno prianjanje i dugotrajnu funkcionalnost.<\/li>\n<\/ul>\n<p><strong>Prednosti:<\/strong><\/p>\n<ul>\n<li>Pru\u017ea stabilne performanse motora.<\/li>\n<li>Produ\u017eava vijek trajanja klipova i drugih komponenti.<\/li>\n<li>Idealno rje\u0161enje za zamjenu dotrajalih dijelova.<\/li>\n<\/ul>\n","protected":false},"featured_media":4102,"template":"","meta":[],"product_brand":[],"product_cat":[206],"product_tag":[],"class_list":{"0":"post-4101","1":"product","2":"type-product","3":"status-publish","4":"has-post-thumbnail","6":"product_cat-masina-cfmoto","8":"first","9":"onbackorder","10":"taxable","11":"shipping-taxable","12":"purchasable","13":"product-type-simple"},"_links":{"self":[{"href":"https:\/\/motoshopextreme.ba\/index.php?rest_route=\/wp\/v2\/product\/4101","targetHints":{"allow":["GET"]}}],"collection":[{"href":"https:\/\/motoshopextreme.ba\/index.php?rest_route=\/wp\/v2\/product"}],"about":[{"href":"https:\/\/motoshopextreme.ba\/index.php?rest_route=\/wp\/v2\/types\/product"}],"wp:featuredmedia":[{"embeddable":true,"href":"https:\/\/motoshopextreme.ba\/index.php?rest_route=\/wp\/v2\/media\/4102"}],"wp:attachment":[{"href":"https:\/\/motoshopextreme.ba\/index.php?rest_route=%2Fwp%2Fv2%2Fmedia&parent=4101"}],"wp:term":[{"taxonomy":"product_brand","embeddable":true,"href":"https:\/\/motoshopextreme.ba\/index.php?rest_route=%2Fwp%2Fv2%2Fproduct_brand&post=4101"},{"taxonomy":"product_cat","embeddable":true,"href":"https:\/\/motoshopextreme.ba\/index.php?rest_route=%2Fwp%2Fv2%2Fproduct_cat&post=4101"},{"taxonomy":"product_tag","embeddable":true,"href":"https:\/\/motoshopextreme.ba\/index.php?rest_route=%2Fwp%2Fv2%2Fproduct_tag&post=4101"}],"curies":[{"name":"wp","href":"https:\/\/api.w.org\/{rel}","templated":true}]}}