{"id":4105,"date":"2025-01-10T20:56:12","date_gmt":"2025-01-10T20:56:12","guid":{"rendered":"https:\/\/motoshopextreme.ba\/?post_type=product&#038;p=4105"},"modified":"2025-01-10T20:56:36","modified_gmt":"2025-01-10T20:56:36","slug":"cf-moto-cfmoto-ventili-800-950-1000","status":"publish","type":"product","link":"https:\/\/motoshopextreme.ba\/?product=cf-moto-cfmoto-ventili-800-950-1000","title":{"rendered":"CF MOTO CFMOTO VENTILI 800 950 1000"},"content":{"rendered":"","protected":false},"excerpt":{"rendered":"<p>Ventili su klju\u010dni dio motora koji osiguravaju pravilnu regulaciju ulaska zraka i goriva te ispu\u0161tanje plinova, omogu\u0107avaju\u0107i optimalne performanse.<\/p>\n<ul>\n<li><strong>Kompatibilnost<\/strong>: Pogodni za modele s motorima od 800, 950 i 1000 ccm.<\/li>\n<li><strong>Visokokvalitetni materijali<\/strong>: Izra\u0111eni od trajnih i otpornijih materijala za dugotrajnu pouzdanost.<\/li>\n<li><strong>Preciznost izrade<\/strong>: Osigurava optimalan rad ventila i minimalno habanje.<\/li>\n<\/ul>\n<p><strong>Prednosti:<\/strong><\/p>\n<ul>\n<li>Pove\u0107ava u\u010dinkovitost rada motora.<\/li>\n<li>Produ\u017eava vijek trajanja motora zahvaljuju\u0107i pouzdanoj funkcionalnosti.<\/li>\n<li>Pogodni za zamjenu istro\u0161enih ili o\u0161te\u0107enih ventila.<\/li>\n<\/ul>\n","protected":false},"featured_media":4106,"template":"","meta":[],"product_brand":[],"product_cat":[206],"product_tag":[],"class_list":{"0":"post-4105","1":"product","2":"type-product","3":"status-publish","4":"has-post-thumbnail","6":"product_cat-masina-cfmoto","8":"first","9":"onbackorder","10":"taxable","11":"shipping-taxable","12":"purchasable","13":"product-type-simple"},"_links":{"self":[{"href":"https:\/\/motoshopextreme.ba\/index.php?rest_route=\/wp\/v2\/product\/4105","targetHints":{"allow":["GET"]}}],"collection":[{"href":"https:\/\/motoshopextreme.ba\/index.php?rest_route=\/wp\/v2\/product"}],"about":[{"href":"https:\/\/motoshopextreme.ba\/index.php?rest_route=\/wp\/v2\/types\/product"}],"wp:featuredmedia":[{"embeddable":true,"href":"https:\/\/motoshopextreme.ba\/index.php?rest_route=\/wp\/v2\/media\/4106"}],"wp:attachment":[{"href":"https:\/\/motoshopextreme.ba\/index.php?rest_route=%2Fwp%2Fv2%2Fmedia&parent=4105"}],"wp:term":[{"taxonomy":"product_brand","embeddable":true,"href":"https:\/\/motoshopextreme.ba\/index.php?rest_route=%2Fwp%2Fv2%2Fproduct_brand&post=4105"},{"taxonomy":"product_cat","embeddable":true,"href":"https:\/\/motoshopextreme.ba\/index.php?rest_route=%2Fwp%2Fv2%2Fproduct_cat&post=4105"},{"taxonomy":"product_tag","embeddable":true,"href":"https:\/\/motoshopextreme.ba\/index.php?rest_route=%2Fwp%2Fv2%2Fproduct_tag&post=4105"}],"curies":[{"name":"wp","href":"https:\/\/api.w.org\/{rel}","templated":true}]}}