{"id":4107,"date":"2025-01-10T20:57:11","date_gmt":"2025-01-10T20:57:11","guid":{"rendered":"https:\/\/motoshopextreme.ba\/?post_type=product&#038;p=4107"},"modified":"2025-01-10T20:58:01","modified_gmt":"2025-01-10T20:58:01","slug":"senzor-polozaja-radilice-cfmoto-cf-moto-600-800-1000","status":"publish","type":"product","link":"https:\/\/motoshopextreme.ba\/?product=senzor-polozaja-radilice-cfmoto-cf-moto-600-800-1000","title":{"rendered":"Senzor polo\u017eaja radilice CFMOTO CF MOTO \/600\/800\/1000"},"content":{"rendered":"","protected":false},"excerpt":{"rendered":"<p>Senzor polo\u017eaja radilice osigurava precizno pra\u0107enje polo\u017eaja i brzine rotacije radilice, omogu\u0107avaju\u0107i optimalno paljenje i rad motora.<\/p>\n<ul>\n<li><strong>Kompatibilnost<\/strong>: Pogodan za modele s motorima od 600, 800 i 1000 ccm.<\/li>\n<li><strong>Precizna tehnologija<\/strong>: Osigurava pouzdano mjerenje i prijenos podataka upravlja\u010dkom modulu motora.<\/li>\n<li><strong>Visoka izdr\u017eljivost<\/strong>: Dizajniran za rad u te\u0161kim uvjetima, uklju\u010duju\u0107i visoke temperature i vibracije.<\/li>\n<\/ul>\n<p><strong>Prednosti:<\/strong><\/p>\n<ul>\n<li>Pobolj\u0161ava efikasnost sagorijevanja i performanse motora.<\/li>\n<li>Poma\u017ee u smanjenju potro\u0161nje goriva i emisija.<\/li>\n<li>Dugotrajan i pouzdan rad zahvaljuju\u0107i kvalitetnim materijalima.<\/li>\n<\/ul>\n","protected":false},"featured_media":4108,"template":"","meta":[],"product_brand":[],"product_cat":[206],"product_tag":[],"class_list":{"0":"post-4107","1":"product","2":"type-product","3":"status-publish","4":"has-post-thumbnail","6":"product_cat-masina-cfmoto","8":"first","9":"onbackorder","10":"taxable","11":"shipping-taxable","12":"purchasable","13":"product-type-simple"},"_links":{"self":[{"href":"https:\/\/motoshopextreme.ba\/index.php?rest_route=\/wp\/v2\/product\/4107","targetHints":{"allow":["GET"]}}],"collection":[{"href":"https:\/\/motoshopextreme.ba\/index.php?rest_route=\/wp\/v2\/product"}],"about":[{"href":"https:\/\/motoshopextreme.ba\/index.php?rest_route=\/wp\/v2\/types\/product"}],"wp:featuredmedia":[{"embeddable":true,"href":"https:\/\/motoshopextreme.ba\/index.php?rest_route=\/wp\/v2\/media\/4108"}],"wp:attachment":[{"href":"https:\/\/motoshopextreme.ba\/index.php?rest_route=%2Fwp%2Fv2%2Fmedia&parent=4107"}],"wp:term":[{"taxonomy":"product_brand","embeddable":true,"href":"https:\/\/motoshopextreme.ba\/index.php?rest_route=%2Fwp%2Fv2%2Fproduct_brand&post=4107"},{"taxonomy":"product_cat","embeddable":true,"href":"https:\/\/motoshopextreme.ba\/index.php?rest_route=%2Fwp%2Fv2%2Fproduct_cat&post=4107"},{"taxonomy":"product_tag","embeddable":true,"href":"https:\/\/motoshopextreme.ba\/index.php?rest_route=%2Fwp%2Fv2%2Fproduct_tag&post=4107"}],"curies":[{"name":"wp","href":"https:\/\/api.w.org\/{rel}","templated":true}]}}