{"id":4109,"date":"2025-01-10T20:58:56","date_gmt":"2025-01-10T20:58:56","guid":{"rendered":"https:\/\/motoshopextreme.ba\/?post_type=product&#038;p=4109"},"modified":"2025-01-10T20:59:17","modified_gmt":"2025-01-10T20:59:17","slug":"senzor-pritiska-ulja-za-cfmoto-cf-moto-1000","status":"publish","type":"product","link":"https:\/\/motoshopextreme.ba\/?product=senzor-pritiska-ulja-za-cfmoto-cf-moto-1000","title":{"rendered":"Senzor pritiska ulja za CFMOTO CF MOTO 1000"},"content":{"rendered":"","protected":false},"excerpt":{"rendered":"<p>Senzor pritiska ulja omogu\u0107ava precizno pra\u0107enje tlaka ulja u motoru, osiguravaju\u0107i optimalne performanse i za\u0161titu motora.<\/p>\n<ul>\n<li><strong>Kompatibilnost<\/strong>: Pogodan za modele s motorima od 1000 ccm.<\/li>\n<li><strong>Visoka preciznost<\/strong>: Omogu\u0107ava to\u010dna o\u010ditanja tlaka ulja za sigurnost i pouzdan rad motora.<\/li>\n<li><strong>Izdr\u017eljiv dizajn<\/strong>: Otporan na visoke temperature i pritiske, idealan za dugotrajnu upotrebu.<\/li>\n<\/ul>\n<p><strong>Prednosti:<\/strong><\/p>\n<ul>\n<li>Sprje\u010dava o\u0161te\u0107enja uzrokovana nepravilnim tlakom ulja.<\/li>\n<li>Pobolj\u0161ava pouzdanost i dugovje\u010dnost motora.<\/li>\n<li>Jednostavna zamjena, kompatibilan s originalnim sistemima vozila.<\/li>\n<\/ul>\n","protected":false},"featured_media":4110,"template":"","meta":[],"product_brand":[],"product_cat":[206],"product_tag":[],"class_list":{"0":"post-4109","1":"product","2":"type-product","3":"status-publish","4":"has-post-thumbnail","6":"product_cat-masina-cfmoto","8":"first","9":"onbackorder","10":"taxable","11":"shipping-taxable","12":"purchasable","13":"product-type-simple"},"_links":{"self":[{"href":"https:\/\/motoshopextreme.ba\/index.php?rest_route=\/wp\/v2\/product\/4109","targetHints":{"allow":["GET"]}}],"collection":[{"href":"https:\/\/motoshopextreme.ba\/index.php?rest_route=\/wp\/v2\/product"}],"about":[{"href":"https:\/\/motoshopextreme.ba\/index.php?rest_route=\/wp\/v2\/types\/product"}],"wp:featuredmedia":[{"embeddable":true,"href":"https:\/\/motoshopextreme.ba\/index.php?rest_route=\/wp\/v2\/media\/4110"}],"wp:attachment":[{"href":"https:\/\/motoshopextreme.ba\/index.php?rest_route=%2Fwp%2Fv2%2Fmedia&parent=4109"}],"wp:term":[{"taxonomy":"product_brand","embeddable":true,"href":"https:\/\/motoshopextreme.ba\/index.php?rest_route=%2Fwp%2Fv2%2Fproduct_brand&post=4109"},{"taxonomy":"product_cat","embeddable":true,"href":"https:\/\/motoshopextreme.ba\/index.php?rest_route=%2Fwp%2Fv2%2Fproduct_cat&post=4109"},{"taxonomy":"product_tag","embeddable":true,"href":"https:\/\/motoshopextreme.ba\/index.php?rest_route=%2Fwp%2Fv2%2Fproduct_tag&post=4109"}],"curies":[{"name":"wp","href":"https:\/\/api.w.org\/{rel}","templated":true}]}}