{"id":4113,"date":"2025-01-10T21:00:54","date_gmt":"2025-01-10T21:00:54","guid":{"rendered":"https:\/\/motoshopextreme.ba\/?post_type=product&#038;p=4113"},"modified":"2025-01-10T21:12:43","modified_gmt":"2025-01-10T21:12:43","slug":"jednosmjerni-lezaj-kvacilo-cfmoto-cf-moto-linhai-500","status":"publish","type":"product","link":"https:\/\/motoshopextreme.ba\/?product=jednosmjerni-lezaj-kvacilo-cfmoto-cf-moto-linhai-500","title":{"rendered":"Jednosmjerni le\u017eaj kva\u010dilo CFMOTO CF MOTO LINHAI 500"},"content":{"rendered":"","protected":false},"excerpt":{"rendered":"<p>Jednosmjerni le\u017eaj kva\u010dila omogu\u0107ava pouzdan prijenos snage u jednom smjeru, osiguravaju\u0107i glatke performanse i optimalan rad motora.<\/p>\n<ul>\n<li><strong>Kompatibilnost<\/strong>: Prikladan za modele s motorima od 500 ccm, uklju\u010duju\u0107i CFMOTO i LINHAI.<\/li>\n<li><strong>Visokokvalitetni materijali<\/strong>: Izra\u0111en od \u010delika otpornog na habanje za dugotrajan rad.<\/li>\n<li><strong>Precizna funkcionalnost<\/strong>: Osigurava stabilan prijenos snage i smanjuje vibracije.<\/li>\n<\/ul>\n<p><strong>Prednosti:<\/strong><\/p>\n<ul>\n<li>Produ\u017eava vijek trajanja kva\u010dila i drugih dijelova prijenosnog sistema.<\/li>\n<li>Pru\u017ea glatko pokretanje i zaustavljanje vozila.<\/li>\n<li>Otporan na visoke temperature i optere\u0107enja.<\/li>\n<\/ul>\n<p><strong>Napomena:<\/strong> Redovno odr\u017eavanje kva\u010dila i povezanih komponenti osigurava dugotrajnu pouzdanost vozila.<\/p>\n","protected":false},"featured_media":4114,"template":"","meta":[],"product_brand":[],"product_cat":[206,208],"product_tag":[],"class_list":{"0":"post-4113","1":"product","2":"type-product","3":"status-publish","4":"has-post-thumbnail","6":"product_cat-masina-cfmoto","7":"product_cat-masina-linhai","9":"first","10":"onbackorder","11":"taxable","12":"shipping-taxable","13":"purchasable","14":"product-type-simple"},"_links":{"self":[{"href":"https:\/\/motoshopextreme.ba\/index.php?rest_route=\/wp\/v2\/product\/4113","targetHints":{"allow":["GET"]}}],"collection":[{"href":"https:\/\/motoshopextreme.ba\/index.php?rest_route=\/wp\/v2\/product"}],"about":[{"href":"https:\/\/motoshopextreme.ba\/index.php?rest_route=\/wp\/v2\/types\/product"}],"wp:featuredmedia":[{"embeddable":true,"href":"https:\/\/motoshopextreme.ba\/index.php?rest_route=\/wp\/v2\/media\/4114"}],"wp:attachment":[{"href":"https:\/\/motoshopextreme.ba\/index.php?rest_route=%2Fwp%2Fv2%2Fmedia&parent=4113"}],"wp:term":[{"taxonomy":"product_brand","embeddable":true,"href":"https:\/\/motoshopextreme.ba\/index.php?rest_route=%2Fwp%2Fv2%2Fproduct_brand&post=4113"},{"taxonomy":"product_cat","embeddable":true,"href":"https:\/\/motoshopextreme.ba\/index.php?rest_route=%2Fwp%2Fv2%2Fproduct_cat&post=4113"},{"taxonomy":"product_tag","embeddable":true,"href":"https:\/\/motoshopextreme.ba\/index.php?rest_route=%2Fwp%2Fv2%2Fproduct_tag&post=4113"}],"curies":[{"name":"wp","href":"https:\/\/api.w.org\/{rel}","templated":true}]}}