{"id":4115,"date":"2025-01-10T21:02:16","date_gmt":"2025-01-10T21:02:16","guid":{"rendered":"https:\/\/motoshopextreme.ba\/?post_type=product&#038;p=4115"},"modified":"2025-01-10T21:12:36","modified_gmt":"2025-01-10T21:12:36","slug":"atv-quad-cf-moto-cfmoto-linhai-poklopac-variomata","status":"publish","type":"product","link":"https:\/\/motoshopextreme.ba\/?product=atv-quad-cf-moto-cfmoto-linhai-poklopac-variomata","title":{"rendered":"ATV QUAD CF MOTO CFMOTO LINHAI POKLOPAC VARIOMATA"},"content":{"rendered":"","protected":false},"excerpt":{"rendered":"<p>Poklopac variomata pru\u017ea za\u0161titu variomata i unutarnjih komponenti od vanjskih utjecaja, poput pra\u0161ine, blata i vode, osiguravaju\u0107i dugotrajne performanse vozila.<\/p>\n<ul>\n<li><strong>Kompatibilnost<\/strong>: Pogodan za ATV i QUAD modele CFMOTO, CF MOTO i LINHAI.<\/li>\n<li><strong>\u010cvrsta konstrukcija<\/strong>: Izra\u0111en od izdr\u017eljivih materijala otpornog na habanje i udarce.<\/li>\n<li><strong>Za\u0161tita<\/strong>: Sprje\u010dava ulazak prljav\u0161tine i vlage u variomat, produ\u017euju\u0107i njegov vijek trajanja.<\/li>\n<\/ul>\n<p><strong>Prednosti:<\/strong><\/p>\n<ul>\n<li>Pove\u0107ava pouzdanost i efikasnost prijenosnog sistema.<\/li>\n<li>Jednostavan za instalaciju i odr\u017eavanje.<\/li>\n<li>Osigurava \u010disto\u0107u i optimalan rad variomata.<\/li>\n<\/ul>\n","protected":false},"featured_media":4116,"template":"","meta":[],"product_brand":[],"product_cat":[206,208],"product_tag":[],"class_list":{"0":"post-4115","1":"product","2":"type-product","3":"status-publish","4":"has-post-thumbnail","6":"product_cat-masina-cfmoto","7":"product_cat-masina-linhai","9":"first","10":"onbackorder","11":"taxable","12":"shipping-taxable","13":"purchasable","14":"product-type-simple"},"_links":{"self":[{"href":"https:\/\/motoshopextreme.ba\/index.php?rest_route=\/wp\/v2\/product\/4115","targetHints":{"allow":["GET"]}}],"collection":[{"href":"https:\/\/motoshopextreme.ba\/index.php?rest_route=\/wp\/v2\/product"}],"about":[{"href":"https:\/\/motoshopextreme.ba\/index.php?rest_route=\/wp\/v2\/types\/product"}],"wp:featuredmedia":[{"embeddable":true,"href":"https:\/\/motoshopextreme.ba\/index.php?rest_route=\/wp\/v2\/media\/4116"}],"wp:attachment":[{"href":"https:\/\/motoshopextreme.ba\/index.php?rest_route=%2Fwp%2Fv2%2Fmedia&parent=4115"}],"wp:term":[{"taxonomy":"product_brand","embeddable":true,"href":"https:\/\/motoshopextreme.ba\/index.php?rest_route=%2Fwp%2Fv2%2Fproduct_brand&post=4115"},{"taxonomy":"product_cat","embeddable":true,"href":"https:\/\/motoshopextreme.ba\/index.php?rest_route=%2Fwp%2Fv2%2Fproduct_cat&post=4115"},{"taxonomy":"product_tag","embeddable":true,"href":"https:\/\/motoshopextreme.ba\/index.php?rest_route=%2Fwp%2Fv2%2Fproduct_tag&post=4115"}],"curies":[{"name":"wp","href":"https:\/\/api.w.org\/{rel}","templated":true}]}}