{"id":4117,"date":"2025-01-10T21:03:05","date_gmt":"2025-01-10T21:03:05","guid":{"rendered":"https:\/\/motoshopextreme.ba\/?post_type=product&#038;p=4117"},"modified":"2025-01-10T21:12:29","modified_gmt":"2025-01-10T21:12:29","slug":"set-rolnice-tegovi-utezi-cfmoto-cf-moto-linhai-500-600","status":"publish","type":"product","link":"https:\/\/motoshopextreme.ba\/?product=set-rolnice-tegovi-utezi-cfmoto-cf-moto-linhai-500-600","title":{"rendered":"Set rolnice tegovi utezi CFMOTO CF MOTO LINHAI 500\/600"},"content":{"rendered":"","protected":false},"excerpt":{"rendered":"<p>Set rolnica (tegi\u0107a\/uteza) za variomat osigurava optimalan prijenos snage i efikasnost va\u0161eg vozila, prilago\u0111avaju\u0107i performanse razli\u010ditim uvjetima vo\u017enje.<\/p>\n<ul>\n<li><strong>Kompatibilnost<\/strong>: Prikladan za modele s motorima od 500 i 600 ccm, uklju\u010duju\u0107i CFMOTO i LINHAI vozila.<\/li>\n<li><strong>Visokokvalitetni materijali<\/strong>: Izra\u0111eni od izdr\u017eljivih materijala otpornih na habanje i visoke temperature.<\/li>\n<li><strong>Precizna izrada<\/strong>: Osigurava glatko ubrzanje i stabilne performanse.<\/li>\n<\/ul>\n","protected":false},"featured_media":4118,"template":"","meta":[],"product_brand":[],"product_cat":[206,208],"product_tag":[],"class_list":{"0":"post-4117","1":"product","2":"type-product","3":"status-publish","4":"has-post-thumbnail","6":"product_cat-masina-cfmoto","7":"product_cat-masina-linhai","9":"first","10":"onbackorder","11":"taxable","12":"shipping-taxable","13":"purchasable","14":"product-type-simple"},"_links":{"self":[{"href":"https:\/\/motoshopextreme.ba\/index.php?rest_route=\/wp\/v2\/product\/4117","targetHints":{"allow":["GET"]}}],"collection":[{"href":"https:\/\/motoshopextreme.ba\/index.php?rest_route=\/wp\/v2\/product"}],"about":[{"href":"https:\/\/motoshopextreme.ba\/index.php?rest_route=\/wp\/v2\/types\/product"}],"wp:featuredmedia":[{"embeddable":true,"href":"https:\/\/motoshopextreme.ba\/index.php?rest_route=\/wp\/v2\/media\/4118"}],"wp:attachment":[{"href":"https:\/\/motoshopextreme.ba\/index.php?rest_route=%2Fwp%2Fv2%2Fmedia&parent=4117"}],"wp:term":[{"taxonomy":"product_brand","embeddable":true,"href":"https:\/\/motoshopextreme.ba\/index.php?rest_route=%2Fwp%2Fv2%2Fproduct_brand&post=4117"},{"taxonomy":"product_cat","embeddable":true,"href":"https:\/\/motoshopextreme.ba\/index.php?rest_route=%2Fwp%2Fv2%2Fproduct_cat&post=4117"},{"taxonomy":"product_tag","embeddable":true,"href":"https:\/\/motoshopextreme.ba\/index.php?rest_route=%2Fwp%2Fv2%2Fproduct_tag&post=4117"}],"curies":[{"name":"wp","href":"https:\/\/api.w.org\/{rel}","templated":true}]}}