{"id":4119,"date":"2025-01-10T21:04:08","date_gmt":"2025-01-10T21:04:08","guid":{"rendered":"https:\/\/motoshopextreme.ba\/?post_type=product&#038;p=4119"},"modified":"2025-01-10T21:12:22","modified_gmt":"2025-01-10T21:12:22","slug":"sekundarno-kvacilo-cf-moto-cfmoto-variomat","status":"publish","type":"product","link":"https:\/\/motoshopextreme.ba\/?product=sekundarno-kvacilo-cf-moto-cfmoto-variomat","title":{"rendered":"SEKUNDARNO KVA\u010cILO CF MOTO CFMOTO VARIOMAT"},"content":{"rendered":"","protected":false},"excerpt":{"rendered":"<p>Sekundarno kva\u010dilo omogu\u0107ava glatki prijenos snage izme\u0111u variomata i pogonskog sistema, osiguravaju\u0107i optimalne performanse vozila.<\/p>\n<ul>\n<li><strong>Kompatibilnost<\/strong>: Pogodno za modele CFMOTO i CF MOTO.<\/li>\n<li><strong>Kvalitetan materijal<\/strong>: Izra\u0111eno od izdr\u017eljivih materijala koji osiguravaju dugotrajnost i otpornost na habanje.<\/li>\n<li><strong>Precizna funkcionalnost<\/strong>: Osigurava stabilan rad variomata i efikasno prilago\u0111avanje brzini vo\u017enje.<\/li>\n<\/ul>\n","protected":false},"featured_media":4120,"template":"","meta":[],"product_brand":[],"product_cat":[206,208],"product_tag":[],"class_list":{"0":"post-4119","1":"product","2":"type-product","3":"status-publish","4":"has-post-thumbnail","6":"product_cat-masina-cfmoto","7":"product_cat-masina-linhai","9":"first","10":"onbackorder","11":"taxable","12":"shipping-taxable","13":"purchasable","14":"product-type-simple"},"_links":{"self":[{"href":"https:\/\/motoshopextreme.ba\/index.php?rest_route=\/wp\/v2\/product\/4119","targetHints":{"allow":["GET"]}}],"collection":[{"href":"https:\/\/motoshopextreme.ba\/index.php?rest_route=\/wp\/v2\/product"}],"about":[{"href":"https:\/\/motoshopextreme.ba\/index.php?rest_route=\/wp\/v2\/types\/product"}],"wp:featuredmedia":[{"embeddable":true,"href":"https:\/\/motoshopextreme.ba\/index.php?rest_route=\/wp\/v2\/media\/4120"}],"wp:attachment":[{"href":"https:\/\/motoshopextreme.ba\/index.php?rest_route=%2Fwp%2Fv2%2Fmedia&parent=4119"}],"wp:term":[{"taxonomy":"product_brand","embeddable":true,"href":"https:\/\/motoshopextreme.ba\/index.php?rest_route=%2Fwp%2Fv2%2Fproduct_brand&post=4119"},{"taxonomy":"product_cat","embeddable":true,"href":"https:\/\/motoshopextreme.ba\/index.php?rest_route=%2Fwp%2Fv2%2Fproduct_cat&post=4119"},{"taxonomy":"product_tag","embeddable":true,"href":"https:\/\/motoshopextreme.ba\/index.php?rest_route=%2Fwp%2Fv2%2Fproduct_tag&post=4119"}],"curies":[{"name":"wp","href":"https:\/\/api.w.org\/{rel}","templated":true}]}}