{"id":4121,"date":"2025-01-10T21:05:12","date_gmt":"2025-01-10T21:05:12","guid":{"rendered":"https:\/\/motoshopextreme.ba\/?post_type=product&#038;p=4121"},"modified":"2025-01-10T21:12:15","modified_gmt":"2025-01-10T21:12:15","slug":"pogonski-remen-za-cfmoto-cf-moto-linhai-500-600","status":"publish","type":"product","link":"https:\/\/motoshopextreme.ba\/?product=pogonski-remen-za-cfmoto-cf-moto-linhai-500-600","title":{"rendered":"Pogonski remen za CFMOTO CF MOTO LINHAI 500\/600"},"content":{"rendered":"","protected":false},"excerpt":{"rendered":"<p>Pogonski remen osigurava efikasan prijenos snage izme\u0111u motora i variomata, omogu\u0107avaju\u0107i optimalne performanse vozila.<\/p>\n<ul>\n<li><strong>Kompatibilnost<\/strong>: Pogodan za modele s motorima od 500 i 600 ccm, uklju\u010duju\u0107i CFMOTO i LINHAI.<\/li>\n<li><strong>Visoka izdr\u017eljivost<\/strong>: Izra\u0111en od kvalitetnih materijala koji osiguravaju otpornost na habanje i dugotrajnu upotrebu.<\/li>\n<li><strong>Efikasnost<\/strong>: Osigurava glatko ubrzanje i stabilan rad pogonskog sistema.<\/li>\n<\/ul>\n","protected":false},"featured_media":4122,"template":"","meta":[],"product_brand":[],"product_cat":[206,208],"product_tag":[],"class_list":{"0":"post-4121","1":"product","2":"type-product","3":"status-publish","4":"has-post-thumbnail","6":"product_cat-masina-cfmoto","7":"product_cat-masina-linhai","9":"first","10":"onbackorder","11":"taxable","12":"shipping-taxable","13":"purchasable","14":"product-type-simple"},"_links":{"self":[{"href":"https:\/\/motoshopextreme.ba\/index.php?rest_route=\/wp\/v2\/product\/4121","targetHints":{"allow":["GET"]}}],"collection":[{"href":"https:\/\/motoshopextreme.ba\/index.php?rest_route=\/wp\/v2\/product"}],"about":[{"href":"https:\/\/motoshopextreme.ba\/index.php?rest_route=\/wp\/v2\/types\/product"}],"wp:featuredmedia":[{"embeddable":true,"href":"https:\/\/motoshopextreme.ba\/index.php?rest_route=\/wp\/v2\/media\/4122"}],"wp:attachment":[{"href":"https:\/\/motoshopextreme.ba\/index.php?rest_route=%2Fwp%2Fv2%2Fmedia&parent=4121"}],"wp:term":[{"taxonomy":"product_brand","embeddable":true,"href":"https:\/\/motoshopextreme.ba\/index.php?rest_route=%2Fwp%2Fv2%2Fproduct_brand&post=4121"},{"taxonomy":"product_cat","embeddable":true,"href":"https:\/\/motoshopextreme.ba\/index.php?rest_route=%2Fwp%2Fv2%2Fproduct_cat&post=4121"},{"taxonomy":"product_tag","embeddable":true,"href":"https:\/\/motoshopextreme.ba\/index.php?rest_route=%2Fwp%2Fv2%2Fproduct_tag&post=4121"}],"curies":[{"name":"wp","href":"https:\/\/api.w.org\/{rel}","templated":true}]}}