{"id":4124,"date":"2025-01-10T21:06:36","date_gmt":"2025-01-10T21:06:36","guid":{"rendered":"https:\/\/motoshopextreme.ba\/?post_type=product&#038;p=4124"},"modified":"2025-01-10T21:12:07","modified_gmt":"2025-01-10T21:12:07","slug":"kuciste-kvacila-za-cfmoto-cf-moto-linhai-500-600","status":"publish","type":"product","link":"https:\/\/motoshopextreme.ba\/?product=kuciste-kvacila-za-cfmoto-cf-moto-linhai-500-600","title":{"rendered":"Ku\u0107i\u0161te kva\u010dila za CFMOTO CF MOTO LINHAI 500\/600"},"content":{"rendered":"","protected":false},"excerpt":{"rendered":"<p>Ku\u0107i\u0161te kva\u010dila osigurava za\u0161titu i optimalnu funkcionalnost kva\u010dila, produ\u017euju\u0107i njegov vijek trajanja i pobolj\u0161avaju\u0107i performanse pogonskog sistema.<\/p>\n<ul>\n<li><strong>Kompatibilnost<\/strong>: Dizajnirano za modele s motorima od 500 i 600 ccm, uklju\u010duju\u0107i CFMOTO i LINHAI.<\/li>\n<li><strong>Izdr\u017eljiva konstrukcija<\/strong>: Izra\u0111eno od visokokvalitetnih materijala otpornih na habanje, toplinu i vibracije.<\/li>\n<li><strong>Precizna izrada<\/strong>: Osigurava savr\u0161eno prianjanje i pouzdano funkcionisanje.<\/li>\n<\/ul>\n","protected":false},"featured_media":4125,"template":"","meta":[],"product_brand":[],"product_cat":[206,208],"product_tag":[],"class_list":{"0":"post-4124","1":"product","2":"type-product","3":"status-publish","4":"has-post-thumbnail","6":"product_cat-masina-cfmoto","7":"product_cat-masina-linhai","9":"first","10":"onbackorder","11":"taxable","12":"shipping-taxable","13":"purchasable","14":"product-type-simple"},"_links":{"self":[{"href":"https:\/\/motoshopextreme.ba\/index.php?rest_route=\/wp\/v2\/product\/4124","targetHints":{"allow":["GET"]}}],"collection":[{"href":"https:\/\/motoshopextreme.ba\/index.php?rest_route=\/wp\/v2\/product"}],"about":[{"href":"https:\/\/motoshopextreme.ba\/index.php?rest_route=\/wp\/v2\/types\/product"}],"wp:featuredmedia":[{"embeddable":true,"href":"https:\/\/motoshopextreme.ba\/index.php?rest_route=\/wp\/v2\/media\/4125"}],"wp:attachment":[{"href":"https:\/\/motoshopextreme.ba\/index.php?rest_route=%2Fwp%2Fv2%2Fmedia&parent=4124"}],"wp:term":[{"taxonomy":"product_brand","embeddable":true,"href":"https:\/\/motoshopextreme.ba\/index.php?rest_route=%2Fwp%2Fv2%2Fproduct_brand&post=4124"},{"taxonomy":"product_cat","embeddable":true,"href":"https:\/\/motoshopextreme.ba\/index.php?rest_route=%2Fwp%2Fv2%2Fproduct_cat&post=4124"},{"taxonomy":"product_tag","embeddable":true,"href":"https:\/\/motoshopextreme.ba\/index.php?rest_route=%2Fwp%2Fv2%2Fproduct_tag&post=4124"}],"curies":[{"name":"wp","href":"https:\/\/api.w.org\/{rel}","templated":true}]}}