{"id":4127,"date":"2025-01-10T21:08:20","date_gmt":"2025-01-10T21:08:20","guid":{"rendered":"https:\/\/motoshopextreme.ba\/?post_type=product&#038;p=4127"},"modified":"2025-01-10T21:11:56","modified_gmt":"2025-01-10T21:11:56","slug":"mokro-kvacilo-za-cfmoto-cf-moto-linhai-500-600","status":"publish","type":"product","link":"https:\/\/motoshopextreme.ba\/?product=mokro-kvacilo-za-cfmoto-cf-moto-linhai-500-600","title":{"rendered":"Mokro kva\u010dilo za CFMOTO CF MOTO LINHAI 500\/600"},"content":{"rendered":"","protected":false},"excerpt":{"rendered":"<p>Mokro kva\u010dilo osigurava glatki prijenos snage i pouzdan rad motora u svim uvjetima, zahvaljuju\u0107i svom dizajnu koji omogu\u0107ava hla\u0111enje uljem.<\/p>\n<ul>\n<li><strong>Kompatibilnost<\/strong>: Prikladno za modele s motorima od 500 i 600 ccm, uklju\u010duju\u0107i CFMOTO i LINHAI.<\/li>\n<li><strong>Izdr\u017eljiva konstrukcija<\/strong>: Izra\u0111eno od visokokvalitetnih materijala otpornih na habanje i toplinu.<\/li>\n<li><strong>Efikasnost<\/strong>: Pru\u017ea stabilan rad i smanjuje tro\u0161enje dijelova zahvaljuju\u0107i stalnom podmazivanju.<\/li>\n<\/ul>\n<p><strong>Prednosti:<\/strong><\/p>\n<ul>\n<li>Osigurava dugotrajnu pouzdanost pogonskog sistema.<\/li>\n<li>Pru\u017ea glatko ubrzanje i prijenos snage.<\/li>\n<li>Otporno na visoke temperature i zahtjevne uvjete vo\u017enje.<\/li>\n<\/ul>\n","protected":false},"featured_media":4128,"template":"","meta":[],"product_brand":[],"product_cat":[206,208],"product_tag":[],"class_list":{"0":"post-4127","1":"product","2":"type-product","3":"status-publish","4":"has-post-thumbnail","6":"product_cat-masina-cfmoto","7":"product_cat-masina-linhai","9":"first","10":"onbackorder","11":"taxable","12":"shipping-taxable","13":"purchasable","14":"product-type-simple"},"_links":{"self":[{"href":"https:\/\/motoshopextreme.ba\/index.php?rest_route=\/wp\/v2\/product\/4127","targetHints":{"allow":["GET"]}}],"collection":[{"href":"https:\/\/motoshopextreme.ba\/index.php?rest_route=\/wp\/v2\/product"}],"about":[{"href":"https:\/\/motoshopextreme.ba\/index.php?rest_route=\/wp\/v2\/types\/product"}],"wp:featuredmedia":[{"embeddable":true,"href":"https:\/\/motoshopextreme.ba\/index.php?rest_route=\/wp\/v2\/media\/4128"}],"wp:attachment":[{"href":"https:\/\/motoshopextreme.ba\/index.php?rest_route=%2Fwp%2Fv2%2Fmedia&parent=4127"}],"wp:term":[{"taxonomy":"product_brand","embeddable":true,"href":"https:\/\/motoshopextreme.ba\/index.php?rest_route=%2Fwp%2Fv2%2Fproduct_brand&post=4127"},{"taxonomy":"product_cat","embeddable":true,"href":"https:\/\/motoshopextreme.ba\/index.php?rest_route=%2Fwp%2Fv2%2Fproduct_cat&post=4127"},{"taxonomy":"product_tag","embeddable":true,"href":"https:\/\/motoshopextreme.ba\/index.php?rest_route=%2Fwp%2Fv2%2Fproduct_tag&post=4127"}],"curies":[{"name":"wp","href":"https:\/\/api.w.org\/{rel}","templated":true}]}}