{"id":4129,"date":"2025-01-10T21:09:08","date_gmt":"2025-01-10T21:09:08","guid":{"rendered":"https:\/\/motoshopextreme.ba\/?post_type=product&#038;p=4129"},"modified":"2025-01-10T21:11:36","modified_gmt":"2025-01-10T21:11:36","slug":"stator-za-cfmoto-cf-moto-linhai-500-600","status":"publish","type":"product","link":"https:\/\/motoshopextreme.ba\/?product=stator-za-cfmoto-cf-moto-linhai-500-600","title":{"rendered":"Stator za CFMOTO CF MOTO LINHAI 500\/600"},"content":{"rendered":"","protected":false},"excerpt":{"rendered":"<p>Stator je klju\u010dna komponenta elektri\u010dnog sistema koja osigurava pouzdano punjenje baterije i napajanje elektri\u010dnih ure\u0111aja va\u0161eg vozila.<\/p>\n<ul>\n<li><strong>Kompatibilnost<\/strong>: Pogodan za modele s motorima od 500 i 600 ccm, uklju\u010duju\u0107i CFMOTO i LINHAI.<\/li>\n<li><strong>Kvalitetni materijali<\/strong>: Izra\u0111en od visokokvalitetnih materijala otpornih na habanje i visoke temperature.<\/li>\n<li><strong>Efikasnost<\/strong>: Osigurava stabilnu proizvodnju elektri\u010dne energije i smanjuje optere\u0107enje sistema.<\/li>\n<\/ul>\n","protected":false},"featured_media":4130,"template":"","meta":[],"product_brand":[],"product_cat":[206,208],"product_tag":[],"class_list":{"0":"post-4129","1":"product","2":"type-product","3":"status-publish","4":"has-post-thumbnail","6":"product_cat-masina-cfmoto","7":"product_cat-masina-linhai","9":"first","10":"onbackorder","11":"taxable","12":"shipping-taxable","13":"purchasable","14":"product-type-simple"},"_links":{"self":[{"href":"https:\/\/motoshopextreme.ba\/index.php?rest_route=\/wp\/v2\/product\/4129","targetHints":{"allow":["GET"]}}],"collection":[{"href":"https:\/\/motoshopextreme.ba\/index.php?rest_route=\/wp\/v2\/product"}],"about":[{"href":"https:\/\/motoshopextreme.ba\/index.php?rest_route=\/wp\/v2\/types\/product"}],"wp:featuredmedia":[{"embeddable":true,"href":"https:\/\/motoshopextreme.ba\/index.php?rest_route=\/wp\/v2\/media\/4130"}],"wp:attachment":[{"href":"https:\/\/motoshopextreme.ba\/index.php?rest_route=%2Fwp%2Fv2%2Fmedia&parent=4129"}],"wp:term":[{"taxonomy":"product_brand","embeddable":true,"href":"https:\/\/motoshopextreme.ba\/index.php?rest_route=%2Fwp%2Fv2%2Fproduct_brand&post=4129"},{"taxonomy":"product_cat","embeddable":true,"href":"https:\/\/motoshopextreme.ba\/index.php?rest_route=%2Fwp%2Fv2%2Fproduct_cat&post=4129"},{"taxonomy":"product_tag","embeddable":true,"href":"https:\/\/motoshopextreme.ba\/index.php?rest_route=%2Fwp%2Fv2%2Fproduct_tag&post=4129"}],"curies":[{"name":"wp","href":"https:\/\/api.w.org\/{rel}","templated":true}]}}