{"id":4133,"date":"2025-01-10T21:13:58","date_gmt":"2025-01-10T21:13:58","guid":{"rendered":"https:\/\/motoshopextreme.ba\/?post_type=product&#038;p=4133"},"modified":"2025-01-10T21:14:21","modified_gmt":"2025-01-10T21:14:21","slug":"vodilica-faznog-lanca-cfmoto-cf-moto-linhai-500-600","status":"publish","type":"product","link":"https:\/\/motoshopextreme.ba\/?product=vodilica-faznog-lanca-cfmoto-cf-moto-linhai-500-600","title":{"rendered":"Vodilica faznog lanca CFMOTO CF MOTO LINHAI 500\/600"},"content":{"rendered":"","protected":false},"excerpt":{"rendered":"<p>Vodilica faznog lanca osigurava pravilno vo\u0111enje lanca u razvodnom mehanizmu, sprje\u010davaju\u0107i habanje i omogu\u0107avaju\u0107i stabilan rad motora.<\/p>\n<ul>\n<li><strong>Kompatibilnost<\/strong>: Prikladna za modele CFMOTO i LINHAI s motorima od 500 i 600 ccm.<\/li>\n<li><strong>Izdr\u017eljiv materijal<\/strong>: Napravljena od visokokvalitetnih materijala otpornih na habanje i toplinu.<\/li>\n<li><strong>Precizna funkcionalnost<\/strong>: Osigurava stabilnost faznog lanca u svim uvjetima vo\u017enje.<\/li>\n<\/ul>\n","protected":false},"featured_media":4134,"template":"","meta":[],"product_brand":[],"product_cat":[206,208],"product_tag":[],"class_list":{"0":"post-4133","1":"product","2":"type-product","3":"status-publish","4":"has-post-thumbnail","6":"product_cat-masina-cfmoto","7":"product_cat-masina-linhai","9":"first","10":"onbackorder","11":"taxable","12":"shipping-taxable","13":"purchasable","14":"product-type-simple"},"_links":{"self":[{"href":"https:\/\/motoshopextreme.ba\/index.php?rest_route=\/wp\/v2\/product\/4133","targetHints":{"allow":["GET"]}}],"collection":[{"href":"https:\/\/motoshopextreme.ba\/index.php?rest_route=\/wp\/v2\/product"}],"about":[{"href":"https:\/\/motoshopextreme.ba\/index.php?rest_route=\/wp\/v2\/types\/product"}],"wp:featuredmedia":[{"embeddable":true,"href":"https:\/\/motoshopextreme.ba\/index.php?rest_route=\/wp\/v2\/media\/4134"}],"wp:attachment":[{"href":"https:\/\/motoshopextreme.ba\/index.php?rest_route=%2Fwp%2Fv2%2Fmedia&parent=4133"}],"wp:term":[{"taxonomy":"product_brand","embeddable":true,"href":"https:\/\/motoshopextreme.ba\/index.php?rest_route=%2Fwp%2Fv2%2Fproduct_brand&post=4133"},{"taxonomy":"product_cat","embeddable":true,"href":"https:\/\/motoshopextreme.ba\/index.php?rest_route=%2Fwp%2Fv2%2Fproduct_cat&post=4133"},{"taxonomy":"product_tag","embeddable":true,"href":"https:\/\/motoshopextreme.ba\/index.php?rest_route=%2Fwp%2Fv2%2Fproduct_tag&post=4133"}],"curies":[{"name":"wp","href":"https:\/\/api.w.org\/{rel}","templated":true}]}}