{"id":4148,"date":"2025-01-10T21:19:44","date_gmt":"2025-01-10T21:19:44","guid":{"rendered":"https:\/\/motoshopextreme.ba\/?post_type=product&#038;p=4148"},"modified":"2025-01-10T21:20:07","modified_gmt":"2025-01-10T21:20:07","slug":"glava-cilindra-za-cfmoto-cf-moto-linhai-500-600","status":"publish","type":"product","link":"https:\/\/motoshopextreme.ba\/?product=glava-cilindra-za-cfmoto-cf-moto-linhai-500-600","title":{"rendered":"Glava cilindra za CFMOTO CF MOTO LINHAI 500\/600"},"content":{"rendered":"","protected":false},"excerpt":{"rendered":"<p>Glava cilindra je klju\u010dna komponenta motora koja omogu\u0107ava pravilnu kompresiju i efikasno sagorijevanje smjese zraka i goriva, osiguravaju\u0107i optimalne performanse vozila.<\/p>\n<ul>\n<li><strong>Kompatibilnost<\/strong>: Pogodna za modele CFMOTO i LINHAI s motorima od 500 i 600 ccm.<\/li>\n<li><strong>Visokokvalitetni materijali<\/strong>: Izra\u0111ena od trajnih materijala otpornih na visoke temperature i pritiske.<\/li>\n<li><strong>Precizna izrada<\/strong>: Osigurava savr\u0161eno zaptivanje s dihtungom i dugotrajan rad motora.<\/li>\n<\/ul>\n<p><strong>Prednosti:<\/strong><\/p>\n<ul>\n<li>Pove\u0107ava efikasnost motora i osigurava glatki rad.<\/li>\n<li>Sprje\u010dava gubitak kompresije i curenje plinova.<\/li>\n<li>Jednostavna instalacija i pouzdana dugotrajnost.<\/li>\n<\/ul>\n","protected":false},"featured_media":4149,"template":"","meta":[],"product_brand":[],"product_cat":[206,208],"product_tag":[],"class_list":{"0":"post-4148","1":"product","2":"type-product","3":"status-publish","4":"has-post-thumbnail","6":"product_cat-masina-cfmoto","7":"product_cat-masina-linhai","9":"first","10":"onbackorder","11":"taxable","12":"shipping-taxable","13":"purchasable","14":"product-type-simple"},"_links":{"self":[{"href":"https:\/\/motoshopextreme.ba\/index.php?rest_route=\/wp\/v2\/product\/4148","targetHints":{"allow":["GET"]}}],"collection":[{"href":"https:\/\/motoshopextreme.ba\/index.php?rest_route=\/wp\/v2\/product"}],"about":[{"href":"https:\/\/motoshopextreme.ba\/index.php?rest_route=\/wp\/v2\/types\/product"}],"wp:featuredmedia":[{"embeddable":true,"href":"https:\/\/motoshopextreme.ba\/index.php?rest_route=\/wp\/v2\/media\/4149"}],"wp:attachment":[{"href":"https:\/\/motoshopextreme.ba\/index.php?rest_route=%2Fwp%2Fv2%2Fmedia&parent=4148"}],"wp:term":[{"taxonomy":"product_brand","embeddable":true,"href":"https:\/\/motoshopextreme.ba\/index.php?rest_route=%2Fwp%2Fv2%2Fproduct_brand&post=4148"},{"taxonomy":"product_cat","embeddable":true,"href":"https:\/\/motoshopextreme.ba\/index.php?rest_route=%2Fwp%2Fv2%2Fproduct_cat&post=4148"},{"taxonomy":"product_tag","embeddable":true,"href":"https:\/\/motoshopextreme.ba\/index.php?rest_route=%2Fwp%2Fv2%2Fproduct_tag&post=4148"}],"curies":[{"name":"wp","href":"https:\/\/api.w.org\/{rel}","templated":true}]}}