{"id":4150,"date":"2025-01-10T21:20:47","date_gmt":"2025-01-10T21:20:47","guid":{"rendered":"https:\/\/motoshopextreme.ba\/?post_type=product&#038;p=4150"},"modified":"2025-01-10T21:21:17","modified_gmt":"2025-01-10T21:21:17","slug":"bregasta-osovina-za-cfmoto-cf-moto-linhai-500-600","status":"publish","type":"product","link":"https:\/\/motoshopextreme.ba\/?product=bregasta-osovina-za-cfmoto-cf-moto-linhai-500-600","title":{"rendered":"Bregasta osovina za CFMOTO CF MOTO LINHAI 500\/600"},"content":{"rendered":"","protected":false},"excerpt":{"rendered":"<p>Bregasta osovina klju\u010dna je komponenta motora koja kontrolira otvaranje i zatvaranje ventila, omogu\u0107avaju\u0107i optimalan protok zraka i goriva te efikasno sagorijevanje.<\/p>\n<ul>\n<li><strong>Kompatibilnost<\/strong>: Pogodna za modele CFMOTO i LINHAI s motorima od 500 i 600 ccm.<\/li>\n<li><strong>Visokokvalitetni materijali<\/strong>: Izra\u0111ena od \u010delika otpornih na habanje i visoke temperature.<\/li>\n<li><strong>Precizna funkcionalnost<\/strong>: Osigurava savr\u0161enu sinkronizaciju rada ventila i radilice.<\/li>\n<\/ul>\n<p><strong>Prednosti:<\/strong><\/p>\n<ul>\n<li>Pove\u0107ava efikasnost rada motora i produ\u017eava njegov vijek trajanja.<\/li>\n<li>Smanjuje habanje ventila i povezanih komponenti.<\/li>\n<li>Dizajnirana za jednostavnu ugradnju i dugotrajnu pouzdanost.<\/li>\n<\/ul>\n","protected":false},"featured_media":4151,"template":"","meta":[],"product_brand":[],"product_cat":[206,208],"product_tag":[],"class_list":{"0":"post-4150","1":"product","2":"type-product","3":"status-publish","4":"has-post-thumbnail","6":"product_cat-masina-cfmoto","7":"product_cat-masina-linhai","9":"first","10":"onbackorder","11":"taxable","12":"shipping-taxable","13":"purchasable","14":"product-type-simple"},"_links":{"self":[{"href":"https:\/\/motoshopextreme.ba\/index.php?rest_route=\/wp\/v2\/product\/4150","targetHints":{"allow":["GET"]}}],"collection":[{"href":"https:\/\/motoshopextreme.ba\/index.php?rest_route=\/wp\/v2\/product"}],"about":[{"href":"https:\/\/motoshopextreme.ba\/index.php?rest_route=\/wp\/v2\/types\/product"}],"wp:featuredmedia":[{"embeddable":true,"href":"https:\/\/motoshopextreme.ba\/index.php?rest_route=\/wp\/v2\/media\/4151"}],"wp:attachment":[{"href":"https:\/\/motoshopextreme.ba\/index.php?rest_route=%2Fwp%2Fv2%2Fmedia&parent=4150"}],"wp:term":[{"taxonomy":"product_brand","embeddable":true,"href":"https:\/\/motoshopextreme.ba\/index.php?rest_route=%2Fwp%2Fv2%2Fproduct_brand&post=4150"},{"taxonomy":"product_cat","embeddable":true,"href":"https:\/\/motoshopextreme.ba\/index.php?rest_route=%2Fwp%2Fv2%2Fproduct_cat&post=4150"},{"taxonomy":"product_tag","embeddable":true,"href":"https:\/\/motoshopextreme.ba\/index.php?rest_route=%2Fwp%2Fv2%2Fproduct_tag&post=4150"}],"curies":[{"name":"wp","href":"https:\/\/api.w.org\/{rel}","templated":true}]}}