{"id":4154,"date":"2025-01-10T21:22:43","date_gmt":"2025-01-10T21:22:43","guid":{"rendered":"https:\/\/motoshopextreme.ba\/?post_type=product&#038;p=4154"},"modified":"2025-01-10T21:23:20","modified_gmt":"2025-01-10T21:23:20","slug":"senzor-pozicije-mjenjaca-cfmoto-cf-moto-linhai-500-600","status":"publish","type":"product","link":"https:\/\/motoshopextreme.ba\/?product=senzor-pozicije-mjenjaca-cfmoto-cf-moto-linhai-500-600","title":{"rendered":"Senzor pozicije mjenja\u010da CFMOTO CF MOTO LINHAI 500\/600"},"content":{"rendered":"","protected":false},"excerpt":{"rendered":"<p>Senzor pozicije mjenja\u010da omogu\u0107ava precizno o\u010ditavanje polo\u017eaja mjenja\u010da, osiguravaju\u0107i pravilno funkcionisanje prijenosnog sistema i optimalne performanse vozila.<\/p>\n<ul>\n<li><strong>Kompatibilnost<\/strong>: Prikladan za modele CFMOTO i LINHAI s motorima od 500 i 600 ccm.<\/li>\n<li><strong>Visokokvalitetni materijali<\/strong>: Izra\u0111en od trajnih i otpornijih materijala, otporan na habanje i vremenske uvjete.<\/li>\n<li><strong>Precizna funkcionalnost<\/strong>: Osigurava ta\u010dno i pouzdano o\u010ditavanje polo\u017eaja mjenja\u010da.<\/li>\n<\/ul>\n","protected":false},"featured_media":4155,"template":"","meta":[],"product_brand":[],"product_cat":[206,208],"product_tag":[],"class_list":{"0":"post-4154","1":"product","2":"type-product","3":"status-publish","4":"has-post-thumbnail","6":"product_cat-masina-cfmoto","7":"product_cat-masina-linhai","9":"first","10":"onbackorder","11":"taxable","12":"shipping-taxable","13":"purchasable","14":"product-type-simple"},"_links":{"self":[{"href":"https:\/\/motoshopextreme.ba\/index.php?rest_route=\/wp\/v2\/product\/4154","targetHints":{"allow":["GET"]}}],"collection":[{"href":"https:\/\/motoshopextreme.ba\/index.php?rest_route=\/wp\/v2\/product"}],"about":[{"href":"https:\/\/motoshopextreme.ba\/index.php?rest_route=\/wp\/v2\/types\/product"}],"wp:featuredmedia":[{"embeddable":true,"href":"https:\/\/motoshopextreme.ba\/index.php?rest_route=\/wp\/v2\/media\/4155"}],"wp:attachment":[{"href":"https:\/\/motoshopextreme.ba\/index.php?rest_route=%2Fwp%2Fv2%2Fmedia&parent=4154"}],"wp:term":[{"taxonomy":"product_brand","embeddable":true,"href":"https:\/\/motoshopextreme.ba\/index.php?rest_route=%2Fwp%2Fv2%2Fproduct_brand&post=4154"},{"taxonomy":"product_cat","embeddable":true,"href":"https:\/\/motoshopextreme.ba\/index.php?rest_route=%2Fwp%2Fv2%2Fproduct_cat&post=4154"},{"taxonomy":"product_tag","embeddable":true,"href":"https:\/\/motoshopextreme.ba\/index.php?rest_route=%2Fwp%2Fv2%2Fproduct_tag&post=4154"}],"curies":[{"name":"wp","href":"https:\/\/api.w.org\/{rel}","templated":true}]}}