{"id":4156,"date":"2025-01-10T21:23:38","date_gmt":"2025-01-10T21:23:38","guid":{"rendered":"https:\/\/motoshopextreme.ba\/?post_type=product&#038;p=4156"},"modified":"2025-01-10T21:24:02","modified_gmt":"2025-01-10T21:24:02","slug":"senzor-rikverca-za-cfmoto-cf-moto-linhai-500-600","status":"publish","type":"product","link":"https:\/\/motoshopextreme.ba\/?product=senzor-rikverca-za-cfmoto-cf-moto-linhai-500-600","title":{"rendered":"Senzor rikverca za CFMOTO CF MOTO LINHAI 500\/600"},"content":{"rendered":"","protected":false},"excerpt":{"rendered":"<p>Senzor rikverca omogu\u0107ava precizno detektovanje polo\u017eaja mjenja\u010da u re\u017eimu vo\u017enje unazad, osiguravaju\u0107i pravilno funkcionisanje svjetala za rikverc i drugih povezanih sistema.<\/p>\n<ul>\n<li><strong>Kompatibilnost<\/strong>: Prikladan za modele CFMOTO i LINHAI s motorima od 500 i 600 ccm.<\/li>\n<li><strong>Visoka izdr\u017eljivost<\/strong>: Izra\u0111en od materijala otpornog na habanje, vlagu i visoke temperature.<\/li>\n<li><strong>Pouzdana funkcionalnost<\/strong>: Osigurava precizno i pouzdano detektovanje polo\u017eaja mjenja\u010da.<\/li>\n<\/ul>\n","protected":false},"featured_media":4157,"template":"","meta":[],"product_brand":[],"product_cat":[206,208],"product_tag":[],"class_list":{"0":"post-4156","1":"product","2":"type-product","3":"status-publish","4":"has-post-thumbnail","6":"product_cat-masina-cfmoto","7":"product_cat-masina-linhai","9":"first","10":"onbackorder","11":"taxable","12":"shipping-taxable","13":"purchasable","14":"product-type-simple"},"_links":{"self":[{"href":"https:\/\/motoshopextreme.ba\/index.php?rest_route=\/wp\/v2\/product\/4156","targetHints":{"allow":["GET"]}}],"collection":[{"href":"https:\/\/motoshopextreme.ba\/index.php?rest_route=\/wp\/v2\/product"}],"about":[{"href":"https:\/\/motoshopextreme.ba\/index.php?rest_route=\/wp\/v2\/types\/product"}],"wp:featuredmedia":[{"embeddable":true,"href":"https:\/\/motoshopextreme.ba\/index.php?rest_route=\/wp\/v2\/media\/4157"}],"wp:attachment":[{"href":"https:\/\/motoshopextreme.ba\/index.php?rest_route=%2Fwp%2Fv2%2Fmedia&parent=4156"}],"wp:term":[{"taxonomy":"product_brand","embeddable":true,"href":"https:\/\/motoshopextreme.ba\/index.php?rest_route=%2Fwp%2Fv2%2Fproduct_brand&post=4156"},{"taxonomy":"product_cat","embeddable":true,"href":"https:\/\/motoshopextreme.ba\/index.php?rest_route=%2Fwp%2Fv2%2Fproduct_cat&post=4156"},{"taxonomy":"product_tag","embeddable":true,"href":"https:\/\/motoshopextreme.ba\/index.php?rest_route=%2Fwp%2Fv2%2Fproduct_tag&post=4156"}],"curies":[{"name":"wp","href":"https:\/\/api.w.org\/{rel}","templated":true}]}}