{"id":4158,"date":"2025-01-10T21:24:20","date_gmt":"2025-01-10T21:24:20","guid":{"rendered":"https:\/\/motoshopextreme.ba\/?post_type=product&#038;p=4158"},"modified":"2025-01-10T21:25:08","modified_gmt":"2025-01-10T21:25:08","slug":"mjerna-sipka-ulje-cfmoto-cf-moto-linhai-400-500-600","status":"publish","type":"product","link":"https:\/\/motoshopextreme.ba\/?product=mjerna-sipka-ulje-cfmoto-cf-moto-linhai-400-500-600","title":{"rendered":"Mjerna \u0161ipka ulje CFMOTO CF MOTO LINHAI 400\/500\/600"},"content":{"rendered":"","protected":false},"excerpt":{"rendered":"<p>Mjerna \u0161ipka za ulje omogu\u0107ava jednostavnu i preciznu provjeru nivoa ulja u motoru, osiguravaju\u0107i optimalno podmazivanje i dugotrajne performanse.<\/p>\n<ul>\n<li><strong>Kompatibilnost<\/strong>: Prikladna za modele CFMOTO i LINHAI s motorima od 400, 500 i 600 ccm.<\/li>\n<li><strong>Visokokvalitetni materijali<\/strong>: Izra\u0111ena od trajnih materijala otpornih na ulje i visoke temperature.<\/li>\n<li><strong>Precizna funkcionalnost<\/strong>: Osigurava to\u010dna o\u010ditanja nivoa ulja za siguran rad motora.<\/li>\n<\/ul>\n","protected":false},"featured_media":4159,"template":"","meta":[],"product_brand":[],"product_cat":[206,208],"product_tag":[],"class_list":{"0":"post-4158","1":"product","2":"type-product","3":"status-publish","4":"has-post-thumbnail","6":"product_cat-masina-cfmoto","7":"product_cat-masina-linhai","9":"first","10":"onbackorder","11":"taxable","12":"shipping-taxable","13":"purchasable","14":"product-type-simple"},"_links":{"self":[{"href":"https:\/\/motoshopextreme.ba\/index.php?rest_route=\/wp\/v2\/product\/4158","targetHints":{"allow":["GET"]}}],"collection":[{"href":"https:\/\/motoshopextreme.ba\/index.php?rest_route=\/wp\/v2\/product"}],"about":[{"href":"https:\/\/motoshopextreme.ba\/index.php?rest_route=\/wp\/v2\/types\/product"}],"wp:featuredmedia":[{"embeddable":true,"href":"https:\/\/motoshopextreme.ba\/index.php?rest_route=\/wp\/v2\/media\/4159"}],"wp:attachment":[{"href":"https:\/\/motoshopextreme.ba\/index.php?rest_route=%2Fwp%2Fv2%2Fmedia&parent=4158"}],"wp:term":[{"taxonomy":"product_brand","embeddable":true,"href":"https:\/\/motoshopextreme.ba\/index.php?rest_route=%2Fwp%2Fv2%2Fproduct_brand&post=4158"},{"taxonomy":"product_cat","embeddable":true,"href":"https:\/\/motoshopextreme.ba\/index.php?rest_route=%2Fwp%2Fv2%2Fproduct_cat&post=4158"},{"taxonomy":"product_tag","embeddable":true,"href":"https:\/\/motoshopextreme.ba\/index.php?rest_route=%2Fwp%2Fv2%2Fproduct_tag&post=4158"}],"curies":[{"name":"wp","href":"https:\/\/api.w.org\/{rel}","templated":true}]}}