{"id":4166,"date":"2025-01-10T21:28:13","date_gmt":"2025-01-10T21:28:13","guid":{"rendered":"https:\/\/motoshopextreme.ba\/?post_type=product&#038;p=4166"},"modified":"2025-01-10T21:28:43","modified_gmt":"2025-01-10T21:28:43","slug":"pumpa-za-ulje-za-cfmoto-linhai-cf-moto-500-600","status":"publish","type":"product","link":"https:\/\/motoshopextreme.ba\/?product=pumpa-za-ulje-za-cfmoto-linhai-cf-moto-500-600","title":{"rendered":"Pumpa za ulje za CFMOTO LINHAI CF MOTO 500\/600"},"content":{"rendered":"","protected":false},"excerpt":{"rendered":"<p>Pumpa za ulje osigurava efikasno podmazivanje svih pokretnih dijelova motora, \u010dime se smanjuje trenje i produ\u017eava vijek trajanja motora.<\/p>\n<ul>\n<li><strong>Kompatibilnost<\/strong>: Prikladna za modele CFMOTO i LINHAI s motorima od 500 i 600 ccm.<\/li>\n<li><strong>Visokokvalitetni materijali<\/strong>: Izra\u0111ena od trajnih i otpornijih materijala za pouzdan rad.<\/li>\n<li><strong>Efikasnost<\/strong>: Omogu\u0107ava stabilan protok ulja \u010dak i u najzahtjevnijim uvjetima vo\u017enje.<\/li>\n<\/ul>\n","protected":false},"featured_media":4167,"template":"","meta":[],"product_brand":[],"product_cat":[206,208],"product_tag":[],"class_list":{"0":"post-4166","1":"product","2":"type-product","3":"status-publish","4":"has-post-thumbnail","6":"product_cat-masina-cfmoto","7":"product_cat-masina-linhai","9":"first","10":"onbackorder","11":"taxable","12":"shipping-taxable","13":"purchasable","14":"product-type-simple"},"_links":{"self":[{"href":"https:\/\/motoshopextreme.ba\/index.php?rest_route=\/wp\/v2\/product\/4166","targetHints":{"allow":["GET"]}}],"collection":[{"href":"https:\/\/motoshopextreme.ba\/index.php?rest_route=\/wp\/v2\/product"}],"about":[{"href":"https:\/\/motoshopextreme.ba\/index.php?rest_route=\/wp\/v2\/types\/product"}],"wp:featuredmedia":[{"embeddable":true,"href":"https:\/\/motoshopextreme.ba\/index.php?rest_route=\/wp\/v2\/media\/4167"}],"wp:attachment":[{"href":"https:\/\/motoshopextreme.ba\/index.php?rest_route=%2Fwp%2Fv2%2Fmedia&parent=4166"}],"wp:term":[{"taxonomy":"product_brand","embeddable":true,"href":"https:\/\/motoshopextreme.ba\/index.php?rest_route=%2Fwp%2Fv2%2Fproduct_brand&post=4166"},{"taxonomy":"product_cat","embeddable":true,"href":"https:\/\/motoshopextreme.ba\/index.php?rest_route=%2Fwp%2Fv2%2Fproduct_cat&post=4166"},{"taxonomy":"product_tag","embeddable":true,"href":"https:\/\/motoshopextreme.ba\/index.php?rest_route=%2Fwp%2Fv2%2Fproduct_tag&post=4166"}],"curies":[{"name":"wp","href":"https:\/\/api.w.org\/{rel}","templated":true}]}}