{"id":4168,"date":"2025-01-10T21:29:10","date_gmt":"2025-01-10T21:29:10","guid":{"rendered":"https:\/\/motoshopextreme.ba\/?post_type=product&#038;p=4168"},"modified":"2025-01-10T21:29:46","modified_gmt":"2025-01-10T21:29:46","slug":"drzac-motora-za-cfmoto-cf-moto-400-500-600","status":"publish","type":"product","link":"https:\/\/motoshopextreme.ba\/?product=drzac-motora-za-cfmoto-cf-moto-400-500-600","title":{"rendered":"Dr\u017ea\u010d motora za CFMOTO CF MOTO 400\/500\/600"},"content":{"rendered":"","protected":false},"excerpt":{"rendered":"<p>Dr\u017ea\u010d motora pru\u017ea \u010dvrstu podr\u0161ku motoru, smanjuju\u0107i vibracije i osiguravaju\u0107i stabilnost tokom vo\u017enje.<\/p>\n<ul>\n<li><strong>Kompatibilnost<\/strong>: Prikladan za modele CFMOTO s motorima od 400, 500 i 600 ccm.<\/li>\n<li><strong>Kvalitetni materijali<\/strong>: Izra\u0111en od trajnih i otpornijih materijala za dugotrajnu pouzdanost.<\/li>\n<li><strong>Precizna funkcionalnost<\/strong>: Osigurava stabilnost i smanjuje optere\u0107enje na druge komponente.<\/li>\n<\/ul>\n","protected":false},"featured_media":4169,"template":"","meta":[],"product_brand":[],"product_cat":[206],"product_tag":[],"class_list":{"0":"post-4168","1":"product","2":"type-product","3":"status-publish","4":"has-post-thumbnail","6":"product_cat-masina-cfmoto","8":"first","9":"onbackorder","10":"taxable","11":"shipping-taxable","12":"purchasable","13":"product-type-simple"},"_links":{"self":[{"href":"https:\/\/motoshopextreme.ba\/index.php?rest_route=\/wp\/v2\/product\/4168","targetHints":{"allow":["GET"]}}],"collection":[{"href":"https:\/\/motoshopextreme.ba\/index.php?rest_route=\/wp\/v2\/product"}],"about":[{"href":"https:\/\/motoshopextreme.ba\/index.php?rest_route=\/wp\/v2\/types\/product"}],"wp:featuredmedia":[{"embeddable":true,"href":"https:\/\/motoshopextreme.ba\/index.php?rest_route=\/wp\/v2\/media\/4169"}],"wp:attachment":[{"href":"https:\/\/motoshopextreme.ba\/index.php?rest_route=%2Fwp%2Fv2%2Fmedia&parent=4168"}],"wp:term":[{"taxonomy":"product_brand","embeddable":true,"href":"https:\/\/motoshopextreme.ba\/index.php?rest_route=%2Fwp%2Fv2%2Fproduct_brand&post=4168"},{"taxonomy":"product_cat","embeddable":true,"href":"https:\/\/motoshopextreme.ba\/index.php?rest_route=%2Fwp%2Fv2%2Fproduct_cat&post=4168"},{"taxonomy":"product_tag","embeddable":true,"href":"https:\/\/motoshopextreme.ba\/index.php?rest_route=%2Fwp%2Fv2%2Fproduct_tag&post=4168"}],"curies":[{"name":"wp","href":"https:\/\/api.w.org\/{rel}","templated":true}]}}