{"id":4172,"date":"2025-01-10T21:33:01","date_gmt":"2025-01-10T21:33:01","guid":{"rendered":"https:\/\/motoshopextreme.ba\/?post_type=product&#038;p=4172"},"modified":"2025-01-10T21:33:53","modified_gmt":"2025-01-10T21:33:53","slug":"bobina-cfmoto-cforce-atv-quad-400-450-550-800-100","status":"publish","type":"product","link":"https:\/\/motoshopextreme.ba\/?product=bobina-cfmoto-cforce-atv-quad-400-450-550-800-100","title":{"rendered":"Bobina CFMOTO CFORCE ATV QUAD 400 450 550 800 1000"},"content":{"rendered":"","protected":false},"excerpt":{"rendered":"<p>Bobina je klju\u010dna komponenta sistema paljenja koja osigurava stabilan i sna\u017ean elektri\u010dni impuls za pravilno sagorijevanje mje\u0161avine goriva i zraka u motoru.<\/p>\n<ul>\n<li><strong>Kompatibilnost<\/strong>: Pogodna za CFMOTO CFORCE ATV i QUAD modele.<\/li>\n<li><strong>Visoka kvaliteta<\/strong>: Izra\u0111ena od trajnih materijala otpornih na habanje, visoke temperature i vlagu.<\/li>\n<li><strong>Precizna funkcionalnost<\/strong>: Osigurava pouzdano paljenje i stabilan rad motora.<\/li>\n<\/ul>\n","protected":false},"featured_media":4173,"template":"","meta":[],"product_brand":[],"product_cat":[206],"product_tag":[],"class_list":{"0":"post-4172","1":"product","2":"type-product","3":"status-publish","4":"has-post-thumbnail","6":"product_cat-masina-cfmoto","8":"first","9":"onbackorder","10":"taxable","11":"shipping-taxable","12":"purchasable","13":"product-type-simple"},"_links":{"self":[{"href":"https:\/\/motoshopextreme.ba\/index.php?rest_route=\/wp\/v2\/product\/4172","targetHints":{"allow":["GET"]}}],"collection":[{"href":"https:\/\/motoshopextreme.ba\/index.php?rest_route=\/wp\/v2\/product"}],"about":[{"href":"https:\/\/motoshopextreme.ba\/index.php?rest_route=\/wp\/v2\/types\/product"}],"wp:featuredmedia":[{"embeddable":true,"href":"https:\/\/motoshopextreme.ba\/index.php?rest_route=\/wp\/v2\/media\/4173"}],"wp:attachment":[{"href":"https:\/\/motoshopextreme.ba\/index.php?rest_route=%2Fwp%2Fv2%2Fmedia&parent=4172"}],"wp:term":[{"taxonomy":"product_brand","embeddable":true,"href":"https:\/\/motoshopextreme.ba\/index.php?rest_route=%2Fwp%2Fv2%2Fproduct_brand&post=4172"},{"taxonomy":"product_cat","embeddable":true,"href":"https:\/\/motoshopextreme.ba\/index.php?rest_route=%2Fwp%2Fv2%2Fproduct_cat&post=4172"},{"taxonomy":"product_tag","embeddable":true,"href":"https:\/\/motoshopextreme.ba\/index.php?rest_route=%2Fwp%2Fv2%2Fproduct_tag&post=4172"}],"curies":[{"name":"wp","href":"https:\/\/api.w.org\/{rel}","templated":true}]}}