{"id":4174,"date":"2025-01-10T21:34:07","date_gmt":"2025-01-10T21:34:07","guid":{"rendered":"https:\/\/motoshopextreme.ba\/?post_type=product&#038;p=4174"},"modified":"2025-01-10T21:35:05","modified_gmt":"2025-01-10T21:35:05","slug":"set-dihtunga-brtvi-motora-cfmoto","status":"publish","type":"product","link":"https:\/\/motoshopextreme.ba\/?product=set-dihtunga-brtvi-motora-cfmoto","title":{"rendered":"Set dihtunga brtvi motora CFMOTO 400 450 550"},"content":{"rendered":"","protected":false},"excerpt":{"rendered":"<p>Set dihtunga i brtvi motora osigurava savr\u0161eno brtvljenje svih klju\u010dnih komponenti motora, sprje\u010davaju\u0107i curenje ulja, rashladne teku\u0107ine i plinova, te omogu\u0107avaju\u0107i optimalne performanse vozila.<\/p>\n<ul>\n<li><strong>Kompatibilnost<\/strong>: Prikladan za razli\u010dite CFMOTO modele.<\/li>\n<li><strong>Kompletan set<\/strong>: Uklju\u010duje dihtunge za glavu motora, cilindar, karter i ostale klju\u010dne dijelove.<\/li>\n<li><strong>Visokokvalitetni materijali<\/strong>: Otporni na habanje, visoke temperature i pritiske.<\/li>\n<\/ul>\n","protected":false},"featured_media":4175,"template":"","meta":[],"product_brand":[],"product_cat":[206],"product_tag":[],"class_list":{"0":"post-4174","1":"product","2":"type-product","3":"status-publish","4":"has-post-thumbnail","6":"product_cat-masina-cfmoto","8":"first","9":"onbackorder","10":"taxable","11":"shipping-taxable","12":"purchasable","13":"product-type-simple"},"_links":{"self":[{"href":"https:\/\/motoshopextreme.ba\/index.php?rest_route=\/wp\/v2\/product\/4174","targetHints":{"allow":["GET"]}}],"collection":[{"href":"https:\/\/motoshopextreme.ba\/index.php?rest_route=\/wp\/v2\/product"}],"about":[{"href":"https:\/\/motoshopextreme.ba\/index.php?rest_route=\/wp\/v2\/types\/product"}],"wp:featuredmedia":[{"embeddable":true,"href":"https:\/\/motoshopextreme.ba\/index.php?rest_route=\/wp\/v2\/media\/4175"}],"wp:attachment":[{"href":"https:\/\/motoshopextreme.ba\/index.php?rest_route=%2Fwp%2Fv2%2Fmedia&parent=4174"}],"wp:term":[{"taxonomy":"product_brand","embeddable":true,"href":"https:\/\/motoshopextreme.ba\/index.php?rest_route=%2Fwp%2Fv2%2Fproduct_brand&post=4174"},{"taxonomy":"product_cat","embeddable":true,"href":"https:\/\/motoshopextreme.ba\/index.php?rest_route=%2Fwp%2Fv2%2Fproduct_cat&post=4174"},{"taxonomy":"product_tag","embeddable":true,"href":"https:\/\/motoshopextreme.ba\/index.php?rest_route=%2Fwp%2Fv2%2Fproduct_tag&post=4174"}],"curies":[{"name":"wp","href":"https:\/\/api.w.org\/{rel}","templated":true}]}}