{"id":4180,"date":"2025-01-10T21:35:56","date_gmt":"2025-01-10T21:35:56","guid":{"rendered":"https:\/\/motoshopextreme.ba\/?post_type=product&#038;p=4180"},"modified":"2025-01-10T21:36:38","modified_gmt":"2025-01-10T21:36:38","slug":"anlaser-cfmoto-400-550","status":"publish","type":"product","link":"https:\/\/motoshopextreme.ba\/?product=anlaser-cfmoto-400-550","title":{"rendered":"Anlaser za CF MOTO CFMOTO 400 550"},"content":{"rendered":"","protected":false},"excerpt":{"rendered":"<p>Anlaser omogu\u0107ava brzo i pouzdano pokretanje motora va\u0161eg vozila, osiguravaju\u0107i optimalne performanse u svim uvjetima.<\/p>\n<ul>\n<li><strong>Kompatibilnost<\/strong>: Prikladan za CFMOTO modele s motorima od 400 i 550 ccm.<\/li>\n<li><strong>Visoka izdr\u017eljivost<\/strong>: Izra\u0111en od kvalitetnih materijala otpornog na habanje i visoke temperature.<\/li>\n<li><strong>Efikasnost<\/strong>: Osigurava sna\u017ean i stabilan rad, \u010dak i pri niskim temperaturama.<\/li>\n<\/ul>\n","protected":false},"featured_media":4181,"template":"","meta":[],"product_brand":[],"product_cat":[206],"product_tag":[],"class_list":{"0":"post-4180","1":"product","2":"type-product","3":"status-publish","4":"has-post-thumbnail","6":"product_cat-masina-cfmoto","8":"first","9":"onbackorder","10":"taxable","11":"shipping-taxable","12":"purchasable","13":"product-type-simple"},"_links":{"self":[{"href":"https:\/\/motoshopextreme.ba\/index.php?rest_route=\/wp\/v2\/product\/4180","targetHints":{"allow":["GET"]}}],"collection":[{"href":"https:\/\/motoshopextreme.ba\/index.php?rest_route=\/wp\/v2\/product"}],"about":[{"href":"https:\/\/motoshopextreme.ba\/index.php?rest_route=\/wp\/v2\/types\/product"}],"wp:featuredmedia":[{"embeddable":true,"href":"https:\/\/motoshopextreme.ba\/index.php?rest_route=\/wp\/v2\/media\/4181"}],"wp:attachment":[{"href":"https:\/\/motoshopextreme.ba\/index.php?rest_route=%2Fwp%2Fv2%2Fmedia&parent=4180"}],"wp:term":[{"taxonomy":"product_brand","embeddable":true,"href":"https:\/\/motoshopextreme.ba\/index.php?rest_route=%2Fwp%2Fv2%2Fproduct_brand&post=4180"},{"taxonomy":"product_cat","embeddable":true,"href":"https:\/\/motoshopextreme.ba\/index.php?rest_route=%2Fwp%2Fv2%2Fproduct_cat&post=4180"},{"taxonomy":"product_tag","embeddable":true,"href":"https:\/\/motoshopextreme.ba\/index.php?rest_route=%2Fwp%2Fv2%2Fproduct_tag&post=4180"}],"curies":[{"name":"wp","href":"https:\/\/api.w.org\/{rel}","templated":true}]}}