{"id":4184,"date":"2025-01-10T21:37:39","date_gmt":"2025-01-10T21:37:39","guid":{"rendered":"https:\/\/motoshopextreme.ba\/?post_type=product&#038;p=4184"},"modified":"2025-01-10T21:38:02","modified_gmt":"2025-01-10T21:38:02","slug":"zupcanik-uljne-pumpe-cfmoto-cf-moto","status":"publish","type":"product","link":"https:\/\/motoshopextreme.ba\/?product=zupcanik-uljne-pumpe-cfmoto-cf-moto","title":{"rendered":"Zup\u010danik uljne pumpe CFMOTO CF MOTO"},"content":{"rendered":"","protected":false},"excerpt":{"rendered":"<p>Zup\u010danik uljne pumpe je klju\u010dna komponenta koja osigurava prijenos snage na uljnu pumpu, omogu\u0107avaju\u0107i pravilno podmazivanje motora i optimalan rad.<\/p>\n<ul>\n<li><strong>Kompatibilnost<\/strong>: Prikladan za razli\u010dite modele CFMOTO vozila.<\/li>\n<li><strong>Visokokvalitetni materijali<\/strong>: Izra\u0111en od \u010dvrstih i izdr\u017eljivih materijala otpornog na habanje i visoke temperature.<\/li>\n<li><strong>Precizna funkcionalnost<\/strong>: Osigurava pouzdan prijenos snage i stabilan rad uljne pumpe.<\/li>\n<\/ul>\n","protected":false},"featured_media":4185,"template":"","meta":[],"product_brand":[],"product_cat":[206],"product_tag":[],"class_list":{"0":"post-4184","1":"product","2":"type-product","3":"status-publish","4":"has-post-thumbnail","6":"product_cat-masina-cfmoto","8":"first","9":"onbackorder","10":"taxable","11":"shipping-taxable","12":"purchasable","13":"product-type-simple"},"_links":{"self":[{"href":"https:\/\/motoshopextreme.ba\/index.php?rest_route=\/wp\/v2\/product\/4184","targetHints":{"allow":["GET"]}}],"collection":[{"href":"https:\/\/motoshopextreme.ba\/index.php?rest_route=\/wp\/v2\/product"}],"about":[{"href":"https:\/\/motoshopextreme.ba\/index.php?rest_route=\/wp\/v2\/types\/product"}],"wp:featuredmedia":[{"embeddable":true,"href":"https:\/\/motoshopextreme.ba\/index.php?rest_route=\/wp\/v2\/media\/4185"}],"wp:attachment":[{"href":"https:\/\/motoshopextreme.ba\/index.php?rest_route=%2Fwp%2Fv2%2Fmedia&parent=4184"}],"wp:term":[{"taxonomy":"product_brand","embeddable":true,"href":"https:\/\/motoshopextreme.ba\/index.php?rest_route=%2Fwp%2Fv2%2Fproduct_brand&post=4184"},{"taxonomy":"product_cat","embeddable":true,"href":"https:\/\/motoshopextreme.ba\/index.php?rest_route=%2Fwp%2Fv2%2Fproduct_cat&post=4184"},{"taxonomy":"product_tag","embeddable":true,"href":"https:\/\/motoshopextreme.ba\/index.php?rest_route=%2Fwp%2Fv2%2Fproduct_tag&post=4184"}],"curies":[{"name":"wp","href":"https:\/\/api.w.org\/{rel}","templated":true}]}}