{"id":4190,"date":"2025-01-10T21:40:28","date_gmt":"2025-01-10T21:40:28","guid":{"rendered":"https:\/\/motoshopextreme.ba\/?post_type=product&#038;p=4190"},"modified":"2025-01-10T21:41:09","modified_gmt":"2025-01-10T21:41:09","slug":"radilica-cfmoto-cf-moto-400-550","status":"publish","type":"product","link":"https:\/\/motoshopextreme.ba\/?product=radilica-cfmoto-cf-moto-400-550","title":{"rendered":"Radilica CFMOTO CF MOTO 400 550"},"content":{"rendered":"","protected":false},"excerpt":{"rendered":"<p>Radilica je klju\u010dni dio motora koji pretvara linearno kretanje klipova u rotacijsko kretanje, omogu\u0107avaju\u0107i prijenos snage na pogonski sistem vozila.<\/p>\n<ul>\n<li><strong>Kompatibilnost<\/strong>: Pogodna za CFMOTO modele s motorima od 400 i 550 ccm.<\/li>\n<li><strong>Visokokvalitetni materijali<\/strong>: Izra\u0111ena od \u010dvrstog \u010delika otpornog na visoke temperature i habanje.<\/li>\n<li><strong>Precizna funkcionalnost<\/strong>: Osigurava stabilan i dugotrajan rad motora.<\/li>\n<\/ul>\n","protected":false},"featured_media":4191,"template":"","meta":[],"product_brand":[],"product_cat":[206],"product_tag":[],"class_list":{"0":"post-4190","1":"product","2":"type-product","3":"status-publish","4":"has-post-thumbnail","6":"product_cat-masina-cfmoto","8":"first","9":"onbackorder","10":"taxable","11":"shipping-taxable","12":"purchasable","13":"product-type-simple"},"_links":{"self":[{"href":"https:\/\/motoshopextreme.ba\/index.php?rest_route=\/wp\/v2\/product\/4190","targetHints":{"allow":["GET"]}}],"collection":[{"href":"https:\/\/motoshopextreme.ba\/index.php?rest_route=\/wp\/v2\/product"}],"about":[{"href":"https:\/\/motoshopextreme.ba\/index.php?rest_route=\/wp\/v2\/types\/product"}],"wp:featuredmedia":[{"embeddable":true,"href":"https:\/\/motoshopextreme.ba\/index.php?rest_route=\/wp\/v2\/media\/4191"}],"wp:attachment":[{"href":"https:\/\/motoshopextreme.ba\/index.php?rest_route=%2Fwp%2Fv2%2Fmedia&parent=4190"}],"wp:term":[{"taxonomy":"product_brand","embeddable":true,"href":"https:\/\/motoshopextreme.ba\/index.php?rest_route=%2Fwp%2Fv2%2Fproduct_brand&post=4190"},{"taxonomy":"product_cat","embeddable":true,"href":"https:\/\/motoshopextreme.ba\/index.php?rest_route=%2Fwp%2Fv2%2Fproduct_cat&post=4190"},{"taxonomy":"product_tag","embeddable":true,"href":"https:\/\/motoshopextreme.ba\/index.php?rest_route=%2Fwp%2Fv2%2Fproduct_tag&post=4190"}],"curies":[{"name":"wp","href":"https:\/\/api.w.org\/{rel}","templated":true}]}}