{"id":4192,"date":"2025-01-10T21:41:46","date_gmt":"2025-01-10T21:41:46","guid":{"rendered":"https:\/\/motoshopextreme.ba\/?post_type=product&#038;p=4192"},"modified":"2025-01-10T21:42:12","modified_gmt":"2025-01-10T21:42:12","slug":"razvodni-fazni-lanac-cfmoto-400-550-800","status":"publish","type":"product","link":"https:\/\/motoshopextreme.ba\/?product=razvodni-fazni-lanac-cfmoto-400-550-800","title":{"rendered":"Razvodni fazni lanac CFMOTO 400 550 800"},"content":{"rendered":"","protected":false},"excerpt":{"rendered":"<p>Razvodni fazni lanac osigurava preciznu sinhronizaciju izme\u0111u bregaste osovine i radilice, omogu\u0107avaju\u0107i optimalan rad motora i efikasno sagorijevanje goriva.<\/p>\n<ul>\n<li><strong>Kompatibilnost<\/strong>: Prikladan za CFMOTO modele s motorima od 400, 550 i 800 ccm.<\/li>\n<li><strong>Visokokvalitetni materijali<\/strong>: Izra\u0111en od trajnih i otpornijih materijala otpornog na habanje i visoke temperature.<\/li>\n<li><strong>Precizna funkcionalnost<\/strong>: Omogu\u0107ava stabilan i pouzdan rad razvodnog sistema.<\/li>\n<\/ul>\n<p><strong>Prednosti:<\/strong><\/p>\n<ul>\n<li>Produ\u017eava vijek trajanja razvodnog mehanizma.<\/li>\n<li>Osigurava efikasan rad motora u svim uvjetima.<\/li>\n<li>Lako se instalira i dugotrajan je.<\/li>\n<\/ul>\n","protected":false},"featured_media":4193,"template":"","meta":[],"product_brand":[],"product_cat":[206],"product_tag":[],"class_list":{"0":"post-4192","1":"product","2":"type-product","3":"status-publish","4":"has-post-thumbnail","6":"product_cat-masina-cfmoto","8":"first","9":"onbackorder","10":"taxable","11":"shipping-taxable","12":"purchasable","13":"product-type-simple"},"_links":{"self":[{"href":"https:\/\/motoshopextreme.ba\/index.php?rest_route=\/wp\/v2\/product\/4192","targetHints":{"allow":["GET"]}}],"collection":[{"href":"https:\/\/motoshopextreme.ba\/index.php?rest_route=\/wp\/v2\/product"}],"about":[{"href":"https:\/\/motoshopextreme.ba\/index.php?rest_route=\/wp\/v2\/types\/product"}],"wp:featuredmedia":[{"embeddable":true,"href":"https:\/\/motoshopextreme.ba\/index.php?rest_route=\/wp\/v2\/media\/4193"}],"wp:attachment":[{"href":"https:\/\/motoshopextreme.ba\/index.php?rest_route=%2Fwp%2Fv2%2Fmedia&parent=4192"}],"wp:term":[{"taxonomy":"product_brand","embeddable":true,"href":"https:\/\/motoshopextreme.ba\/index.php?rest_route=%2Fwp%2Fv2%2Fproduct_brand&post=4192"},{"taxonomy":"product_cat","embeddable":true,"href":"https:\/\/motoshopextreme.ba\/index.php?rest_route=%2Fwp%2Fv2%2Fproduct_cat&post=4192"},{"taxonomy":"product_tag","embeddable":true,"href":"https:\/\/motoshopextreme.ba\/index.php?rest_route=%2Fwp%2Fv2%2Fproduct_tag&post=4192"}],"curies":[{"name":"wp","href":"https:\/\/api.w.org\/{rel}","templated":true}]}}