{"id":4194,"date":"2025-01-10T21:42:40","date_gmt":"2025-01-10T21:42:40","guid":{"rendered":"https:\/\/motoshopextreme.ba\/?post_type=product&#038;p=4194"},"modified":"2025-01-10T21:42:58","modified_gmt":"2025-01-10T21:42:58","slug":"dihtung-brtva-glave-cfmoto-400-550-800","status":"publish","type":"product","link":"https:\/\/motoshopextreme.ba\/?product=dihtung-brtva-glave-cfmoto-400-550-800","title":{"rendered":"Dihtung Brtva glave CFMOTO 400 550 800"},"content":{"rendered":"","protected":false},"excerpt":{"rendered":"<p>Dihtung glave osigurava savr\u0161eno brtvljenje izme\u0111u glave motora i cilindra, sprje\u010davaju\u0107i curenje kompresije, rashladne teku\u0107ine i ulja te omogu\u0107avaju\u0107i optimalan rad motora.<\/p>\n<ul>\n<li><strong>Kompatibilnost<\/strong>: Prikladan za CFMOTO modele s motorima od 400, 550 i 800 ccm.<\/li>\n<li><strong>Visokokvalitetni materijali<\/strong>: Izra\u0111en od trajnih materijala otpornih na visoke temperature i pritiske.<\/li>\n<li><strong>Precizna funkcionalnost<\/strong>: Omogu\u0107ava stabilno i pouzdano brtvljenje u svim uvjetima.<\/li>\n<\/ul>\n","protected":false},"featured_media":4195,"template":"","meta":[],"product_brand":[],"product_cat":[206],"product_tag":[],"class_list":{"0":"post-4194","1":"product","2":"type-product","3":"status-publish","4":"has-post-thumbnail","6":"product_cat-masina-cfmoto","8":"first","9":"onbackorder","10":"taxable","11":"shipping-taxable","12":"purchasable","13":"product-type-simple"},"_links":{"self":[{"href":"https:\/\/motoshopextreme.ba\/index.php?rest_route=\/wp\/v2\/product\/4194","targetHints":{"allow":["GET"]}}],"collection":[{"href":"https:\/\/motoshopextreme.ba\/index.php?rest_route=\/wp\/v2\/product"}],"about":[{"href":"https:\/\/motoshopextreme.ba\/index.php?rest_route=\/wp\/v2\/types\/product"}],"wp:featuredmedia":[{"embeddable":true,"href":"https:\/\/motoshopextreme.ba\/index.php?rest_route=\/wp\/v2\/media\/4195"}],"wp:attachment":[{"href":"https:\/\/motoshopextreme.ba\/index.php?rest_route=%2Fwp%2Fv2%2Fmedia&parent=4194"}],"wp:term":[{"taxonomy":"product_brand","embeddable":true,"href":"https:\/\/motoshopextreme.ba\/index.php?rest_route=%2Fwp%2Fv2%2Fproduct_brand&post=4194"},{"taxonomy":"product_cat","embeddable":true,"href":"https:\/\/motoshopextreme.ba\/index.php?rest_route=%2Fwp%2Fv2%2Fproduct_cat&post=4194"},{"taxonomy":"product_tag","embeddable":true,"href":"https:\/\/motoshopextreme.ba\/index.php?rest_route=%2Fwp%2Fv2%2Fproduct_tag&post=4194"}],"curies":[{"name":"wp","href":"https:\/\/api.w.org\/{rel}","templated":true}]}}