{"id":4196,"date":"2025-01-10T21:43:39","date_gmt":"2025-01-10T21:43:39","guid":{"rendered":"https:\/\/motoshopextreme.ba\/?post_type=product&#038;p=4196"},"modified":"2025-01-10T21:44:17","modified_gmt":"2025-01-10T21:44:17","slug":"glava-cf-moto-cfmoto-400-550-cf191","status":"publish","type":"product","link":"https:\/\/motoshopextreme.ba\/?product=glava-cf-moto-cfmoto-400-550-cf191","title":{"rendered":"Glava CF MOTO CFMOTO 400 550 CF191"},"content":{"rendered":"","protected":false},"excerpt":{"rendered":"<p>Glava motora za CFMOTO CF191 pru\u017ea klju\u010dnu ulogu u radu motora, omogu\u0107avaju\u0107i optimalnu kompresiju i efikasno sagorijevanje smjese goriva i zraka.<\/p>\n<ul>\n<li><strong>Kompatibilnost<\/strong>: Prikladna za modele CFMOTO 400 i 550 s motorom CF191.<\/li>\n<li><strong>Visokokvalitetni materijali<\/strong>: Izra\u0111ena od trajnih materijala otpornih na visoke temperature i pritiske.<\/li>\n<li><strong>Precizna funkcionalnost<\/strong>: Osigurava savr\u0161eno brtvljenje i stabilan rad motora.<\/li>\n<\/ul>\n","protected":false},"featured_media":4197,"template":"","meta":[],"product_brand":[],"product_cat":[206],"product_tag":[],"class_list":{"0":"post-4196","1":"product","2":"type-product","3":"status-publish","4":"has-post-thumbnail","6":"product_cat-masina-cfmoto","8":"first","9":"onbackorder","10":"taxable","11":"shipping-taxable","12":"purchasable","13":"product-type-simple"},"_links":{"self":[{"href":"https:\/\/motoshopextreme.ba\/index.php?rest_route=\/wp\/v2\/product\/4196","targetHints":{"allow":["GET"]}}],"collection":[{"href":"https:\/\/motoshopextreme.ba\/index.php?rest_route=\/wp\/v2\/product"}],"about":[{"href":"https:\/\/motoshopextreme.ba\/index.php?rest_route=\/wp\/v2\/types\/product"}],"wp:featuredmedia":[{"embeddable":true,"href":"https:\/\/motoshopextreme.ba\/index.php?rest_route=\/wp\/v2\/media\/4197"}],"wp:attachment":[{"href":"https:\/\/motoshopextreme.ba\/index.php?rest_route=%2Fwp%2Fv2%2Fmedia&parent=4196"}],"wp:term":[{"taxonomy":"product_brand","embeddable":true,"href":"https:\/\/motoshopextreme.ba\/index.php?rest_route=%2Fwp%2Fv2%2Fproduct_brand&post=4196"},{"taxonomy":"product_cat","embeddable":true,"href":"https:\/\/motoshopextreme.ba\/index.php?rest_route=%2Fwp%2Fv2%2Fproduct_cat&post=4196"},{"taxonomy":"product_tag","embeddable":true,"href":"https:\/\/motoshopextreme.ba\/index.php?rest_route=%2Fwp%2Fv2%2Fproduct_tag&post=4196"}],"curies":[{"name":"wp","href":"https:\/\/api.w.org\/{rel}","templated":true}]}}