{"id":4198,"date":"2025-01-10T21:44:33","date_gmt":"2025-01-10T21:44:33","guid":{"rendered":"https:\/\/motoshopextreme.ba\/?post_type=product&#038;p=4198"},"modified":"2025-01-10T21:45:08","modified_gmt":"2025-01-10T21:45:08","slug":"termostat-cf-moto-cfmoto-400-550-850-1000","status":"publish","type":"product","link":"https:\/\/motoshopextreme.ba\/?product=termostat-cf-moto-cfmoto-400-550-850-1000","title":{"rendered":"Termostat CF MOTO CFMOTO 400 550 850 1000"},"content":{"rendered":"","protected":false},"excerpt":{"rendered":"<p>Termostat regulira temperaturu motora, omogu\u0107avaju\u0107i optimalne performanse i sprje\u010davaju\u0107i pregrijavanje ili prekomjerno hla\u0111enje motora.<\/p>\n<ul>\n<li><strong>Kompatibilnost<\/strong>: Pogodan za CFMOTO modele s motorima od 400, 550, 850 i 1000 ccm.<\/li>\n<li><strong>Visokokvalitetni materijali<\/strong>: Izra\u0111en od otpornog materijala za dugotrajnu pouzdanost u svim uvjetima.<\/li>\n<li><strong>Precizna kontrola<\/strong>: Osigurava stabilnu radnu temperaturu motora.<\/li>\n<\/ul>\n","protected":false},"featured_media":4199,"template":"","meta":[],"product_brand":[],"product_cat":[206],"product_tag":[],"class_list":{"0":"post-4198","1":"product","2":"type-product","3":"status-publish","4":"has-post-thumbnail","6":"product_cat-masina-cfmoto","8":"first","9":"onbackorder","10":"taxable","11":"shipping-taxable","12":"purchasable","13":"product-type-simple"},"_links":{"self":[{"href":"https:\/\/motoshopextreme.ba\/index.php?rest_route=\/wp\/v2\/product\/4198","targetHints":{"allow":["GET"]}}],"collection":[{"href":"https:\/\/motoshopextreme.ba\/index.php?rest_route=\/wp\/v2\/product"}],"about":[{"href":"https:\/\/motoshopextreme.ba\/index.php?rest_route=\/wp\/v2\/types\/product"}],"wp:featuredmedia":[{"embeddable":true,"href":"https:\/\/motoshopextreme.ba\/index.php?rest_route=\/wp\/v2\/media\/4199"}],"wp:attachment":[{"href":"https:\/\/motoshopextreme.ba\/index.php?rest_route=%2Fwp%2Fv2%2Fmedia&parent=4198"}],"wp:term":[{"taxonomy":"product_brand","embeddable":true,"href":"https:\/\/motoshopextreme.ba\/index.php?rest_route=%2Fwp%2Fv2%2Fproduct_brand&post=4198"},{"taxonomy":"product_cat","embeddable":true,"href":"https:\/\/motoshopextreme.ba\/index.php?rest_route=%2Fwp%2Fv2%2Fproduct_cat&post=4198"},{"taxonomy":"product_tag","embeddable":true,"href":"https:\/\/motoshopextreme.ba\/index.php?rest_route=%2Fwp%2Fv2%2Fproduct_tag&post=4198"}],"curies":[{"name":"wp","href":"https:\/\/api.w.org\/{rel}","templated":true}]}}