{"id":4243,"date":"2025-01-12T11:02:52","date_gmt":"2025-01-12T11:02:52","guid":{"rendered":"https:\/\/motoshopextreme.ba\/?post_type=product&#038;p=4243"},"modified":"2025-01-12T11:03:37","modified_gmt":"2025-01-12T11:03:37","slug":"prox-klip-set-za-beta-rr300-18-20-71-94mm","status":"publish","type":"product","link":"https:\/\/motoshopextreme.ba\/?product=prox-klip-set-za-beta-rr300-18-20-71-94mm","title":{"rendered":"ProX klip set za Beta RR300 &#8217;18-&#8217;20 (71.94mm)"},"content":{"rendered":"","protected":false},"excerpt":{"rendered":"<p>Ovaj ProX klip set visokog kvaliteta (promjer 71.94mm) pru\u017ea optimalne performanse i izdr\u017eljivost. Kompatibilan je s modelima:<\/p>\n<ul>\n<li><strong>Beta RR300<\/strong> (2018-2020)<\/li>\n<\/ul>\n<p>Dizajniran za maksimalnu snagu i dugotrajnost, idealan je za enduro i motokros vo\u017enje, omogu\u0107avaju\u0107i pouzdan rad motora u svim uvjetima.<\/p>\n","protected":false},"featured_media":4244,"template":"","meta":[],"product_brand":[],"product_cat":[191],"product_tag":[],"class_list":{"0":"post-4243","1":"product","2":"type-product","3":"status-publish","4":"has-post-thumbnail","6":"product_cat-masina-beta","8":"first","9":"onbackorder","10":"taxable","11":"shipping-taxable","12":"purchasable","13":"product-type-simple"},"_links":{"self":[{"href":"https:\/\/motoshopextreme.ba\/index.php?rest_route=\/wp\/v2\/product\/4243","targetHints":{"allow":["GET"]}}],"collection":[{"href":"https:\/\/motoshopextreme.ba\/index.php?rest_route=\/wp\/v2\/product"}],"about":[{"href":"https:\/\/motoshopextreme.ba\/index.php?rest_route=\/wp\/v2\/types\/product"}],"wp:featuredmedia":[{"embeddable":true,"href":"https:\/\/motoshopextreme.ba\/index.php?rest_route=\/wp\/v2\/media\/4244"}],"wp:attachment":[{"href":"https:\/\/motoshopextreme.ba\/index.php?rest_route=%2Fwp%2Fv2%2Fmedia&parent=4243"}],"wp:term":[{"taxonomy":"product_brand","embeddable":true,"href":"https:\/\/motoshopextreme.ba\/index.php?rest_route=%2Fwp%2Fv2%2Fproduct_brand&post=4243"},{"taxonomy":"product_cat","embeddable":true,"href":"https:\/\/motoshopextreme.ba\/index.php?rest_route=%2Fwp%2Fv2%2Fproduct_cat&post=4243"},{"taxonomy":"product_tag","embeddable":true,"href":"https:\/\/motoshopextreme.ba\/index.php?rest_route=%2Fwp%2Fv2%2Fproduct_tag&post=4243"}],"curies":[{"name":"wp","href":"https:\/\/api.w.org\/{rel}","templated":true}]}}