{"id":4245,"date":"2025-01-12T11:05:07","date_gmt":"2025-01-12T11:05:07","guid":{"rendered":"https:\/\/motoshopextreme.ba\/?post_type=product&#038;p=4245"},"modified":"2025-01-12T11:05:59","modified_gmt":"2025-01-12T11:05:59","slug":"prox-lezajevi-prednjeg-tocka-za-beta-rr-i-xtrainer","status":"publish","type":"product","link":"https:\/\/motoshopextreme.ba\/?product=prox-lezajevi-prednjeg-tocka-za-beta-rr-i-xtrainer","title":{"rendered":"ProX le\u017eajevi prednjeg to\u010dka za Beta RR i Xtrainer"},"content":{"rendered":"","protected":false},"excerpt":{"rendered":"<p>Ovaj ProX set le\u017eajeva prednjeg to\u010dka pru\u017ea preciznost i dugotrajnu pouzdanost za va\u0161 motocikl. Kompatibilan je s Beta modelima:<\/p>\n<ul>\n<li><strong>RR<\/strong><\/li>\n<li><strong>Xtrainer<\/strong><\/li>\n<\/ul>\n<p>Izra\u0111en od visokokvalitetnih materijala, osigurava glatko i pouzdano kretanje, idealno za enduro i motokros vo\u017enje.<\/p>\n","protected":false},"featured_media":4246,"template":"","meta":[],"product_brand":[],"product_cat":[193],"product_tag":[],"class_list":{"0":"post-4245","1":"product","2":"type-product","3":"status-publish","4":"has-post-thumbnail","6":"product_cat-sasija-beta","8":"first","9":"onbackorder","10":"taxable","11":"shipping-taxable","12":"purchasable","13":"product-type-simple"},"_links":{"self":[{"href":"https:\/\/motoshopextreme.ba\/index.php?rest_route=\/wp\/v2\/product\/4245","targetHints":{"allow":["GET"]}}],"collection":[{"href":"https:\/\/motoshopextreme.ba\/index.php?rest_route=\/wp\/v2\/product"}],"about":[{"href":"https:\/\/motoshopextreme.ba\/index.php?rest_route=\/wp\/v2\/types\/product"}],"wp:featuredmedia":[{"embeddable":true,"href":"https:\/\/motoshopextreme.ba\/index.php?rest_route=\/wp\/v2\/media\/4246"}],"wp:attachment":[{"href":"https:\/\/motoshopextreme.ba\/index.php?rest_route=%2Fwp%2Fv2%2Fmedia&parent=4245"}],"wp:term":[{"taxonomy":"product_brand","embeddable":true,"href":"https:\/\/motoshopextreme.ba\/index.php?rest_route=%2Fwp%2Fv2%2Fproduct_brand&post=4245"},{"taxonomy":"product_cat","embeddable":true,"href":"https:\/\/motoshopextreme.ba\/index.php?rest_route=%2Fwp%2Fv2%2Fproduct_cat&post=4245"},{"taxonomy":"product_tag","embeddable":true,"href":"https:\/\/motoshopextreme.ba\/index.php?rest_route=%2Fwp%2Fv2%2Fproduct_tag&post=4245"}],"curies":[{"name":"wp","href":"https:\/\/api.w.org\/{rel}","templated":true}]}}