{"id":4264,"date":"2025-01-23T18:50:25","date_gmt":"2025-01-23T18:50:25","guid":{"rendered":"https:\/\/motoshopextreme.ba\/?post_type=product&#038;p=4264"},"modified":"2025-01-23T18:54:13","modified_gmt":"2025-01-23T18:54:13","slug":"opruga-auspuha-za-cfmoto-cf-moto-450-500-550-625","status":"publish","type":"product","link":"https:\/\/motoshopextreme.ba\/?product=opruga-auspuha-za-cfmoto-cf-moto-450-500-550-625","title":{"rendered":"Opruga auspuha za CFMOTO CF MOTO 450\/500\/550\/625"},"content":{"rendered":"","protected":false},"excerpt":{"rendered":"<p>Originalna opruha auspuha (\u0161ifra proizvoda: 9CR6-020002-00001) dizajnirana je za CFMOTO CF MOTO modele 450, 500, 550 i 625. Opruga osigurava \u010dvrstu vezu izme\u0111u ispu\u0161nih komponenti, smanjuju\u0107i vibracije i buku tokom rada vozila.<\/p>\n<p>\u0160ifra proizvoda: 9CR6-020002-00001<\/p>\n<p>Karakteristike:<\/p>\n<p>Osigurava stabilnu vezu izme\u0111u ispu\u0161nih komponenti.<br \/>\nSmanjuje vibracije i buku.<br \/>\nVisokokvalitetni materijali otporni na visoke temperature.<\/p>\n","protected":false},"featured_media":4265,"template":"","meta":[],"product_brand":[],"product_cat":[212],"product_tag":[],"class_list":{"0":"post-4264","1":"product","2":"type-product","3":"status-publish","4":"has-post-thumbnail","6":"product_cat-sasija-cfmoto","8":"first","9":"onbackorder","10":"taxable","11":"shipping-taxable","12":"purchasable","13":"product-type-simple"},"_links":{"self":[{"href":"https:\/\/motoshopextreme.ba\/index.php?rest_route=\/wp\/v2\/product\/4264","targetHints":{"allow":["GET"]}}],"collection":[{"href":"https:\/\/motoshopextreme.ba\/index.php?rest_route=\/wp\/v2\/product"}],"about":[{"href":"https:\/\/motoshopextreme.ba\/index.php?rest_route=\/wp\/v2\/types\/product"}],"wp:featuredmedia":[{"embeddable":true,"href":"https:\/\/motoshopextreme.ba\/index.php?rest_route=\/wp\/v2\/media\/4265"}],"wp:attachment":[{"href":"https:\/\/motoshopextreme.ba\/index.php?rest_route=%2Fwp%2Fv2%2Fmedia&parent=4264"}],"wp:term":[{"taxonomy":"product_brand","embeddable":true,"href":"https:\/\/motoshopextreme.ba\/index.php?rest_route=%2Fwp%2Fv2%2Fproduct_brand&post=4264"},{"taxonomy":"product_cat","embeddable":true,"href":"https:\/\/motoshopextreme.ba\/index.php?rest_route=%2Fwp%2Fv2%2Fproduct_cat&post=4264"},{"taxonomy":"product_tag","embeddable":true,"href":"https:\/\/motoshopextreme.ba\/index.php?rest_route=%2Fwp%2Fv2%2Fproduct_tag&post=4264"}],"curies":[{"name":"wp","href":"https:\/\/api.w.org\/{rel}","templated":true}]}}