{"id":4271,"date":"2025-01-23T19:02:36","date_gmt":"2025-01-23T19:02:36","guid":{"rendered":"https:\/\/motoshopextreme.ba\/?post_type=product&#038;p=4271"},"modified":"2025-01-23T19:04:18","modified_gmt":"2025-01-23T19:04:18","slug":"mreza-prednje-maske-za-cfmoto-cf-moto-450l-520l","status":"publish","type":"product","link":"https:\/\/motoshopextreme.ba\/?product=mreza-prednje-maske-za-cfmoto-cf-moto-450l-520l","title":{"rendered":"Mre\u017ea prednje maske za CFMOTO CF MOTO 450L\/520L"},"content":{"rendered":"","protected":false},"excerpt":{"rendered":"<p>Originalna mre\u017ea prednje maske (\u0161ifra proizvoda: 9DQV-041017-3000) dizajnirana je za CFMOTO CF MOTO modele 450L i 520L. Ova komponenta pobolj\u0161ava protok zraka do hladnjaka, poma\u017eu\u0107i u odr\u017eavanju optimalne temperature motora, te istovremeno \u0161titi unutra\u0161nje komponente od krhotina i prljav\u0161tine.<\/p>\n<p><strong>\u0160ifra proizvoda:<\/strong> 9DQV-041017-3000<\/p>\n<p><strong>Karakteristike:<\/strong><\/p>\n<ul>\n<li>Pobolj\u0161ava protok zraka do hladnjaka.<\/li>\n<li>\u0160titi unutra\u0161nje komponente od krhotina i prljav\u0161tine.<\/li>\n<li>Izra\u0111ena od visokokvalitetnih materijala za dugotrajnost.<\/li>\n<\/ul>\n","protected":false},"featured_media":4273,"template":"","meta":[],"product_brand":[],"product_cat":[212],"product_tag":[],"class_list":{"0":"post-4271","1":"product","2":"type-product","3":"status-publish","4":"has-post-thumbnail","6":"product_cat-sasija-cfmoto","8":"first","9":"onbackorder","10":"taxable","11":"shipping-taxable","12":"purchasable","13":"product-type-simple"},"_links":{"self":[{"href":"https:\/\/motoshopextreme.ba\/index.php?rest_route=\/wp\/v2\/product\/4271","targetHints":{"allow":["GET"]}}],"collection":[{"href":"https:\/\/motoshopextreme.ba\/index.php?rest_route=\/wp\/v2\/product"}],"about":[{"href":"https:\/\/motoshopextreme.ba\/index.php?rest_route=\/wp\/v2\/types\/product"}],"wp:featuredmedia":[{"embeddable":true,"href":"https:\/\/motoshopextreme.ba\/index.php?rest_route=\/wp\/v2\/media\/4273"}],"wp:attachment":[{"href":"https:\/\/motoshopextreme.ba\/index.php?rest_route=%2Fwp%2Fv2%2Fmedia&parent=4271"}],"wp:term":[{"taxonomy":"product_brand","embeddable":true,"href":"https:\/\/motoshopextreme.ba\/index.php?rest_route=%2Fwp%2Fv2%2Fproduct_brand&post=4271"},{"taxonomy":"product_cat","embeddable":true,"href":"https:\/\/motoshopextreme.ba\/index.php?rest_route=%2Fwp%2Fv2%2Fproduct_cat&post=4271"},{"taxonomy":"product_tag","embeddable":true,"href":"https:\/\/motoshopextreme.ba\/index.php?rest_route=%2Fwp%2Fv2%2Fproduct_tag&post=4271"}],"curies":[{"name":"wp","href":"https:\/\/api.w.org\/{rel}","templated":true}]}}