{"id":4278,"date":"2025-01-23T19:15:04","date_gmt":"2025-01-23T19:15:04","guid":{"rendered":"https:\/\/motoshopextreme.ba\/?post_type=product&#038;p=4278"},"modified":"2025-01-23T19:16:20","modified_gmt":"2025-01-23T19:16:20","slug":"gornja-kugla-zglob-za-cfmoto-cf-moto-450-520","status":"publish","type":"product","link":"https:\/\/motoshopextreme.ba\/?product=gornja-kugla-zglob-za-cfmoto-cf-moto-450-520","title":{"rendered":"Gornja kugla zglob za CFMOTO CF MOTO 450\/520"},"content":{"rendered":"","protected":false},"excerpt":{"rendered":"<p>Originalni gornji kugli\u010dni zglob (\u0161ifra proizvoda: 9010-050700) dizajniran je za CFMOTO CF MOTO modele 450 i 520. Ovaj zglob je klju\u010dna komponenta ovjesa, omogu\u0107avaju\u0107i glatko kretanje i upravljanje vozilom.<\/p>\n<p><strong>\u0160ifra proizvoda:<\/strong> 9010-050700<\/p>\n<p><strong>Karakteristike:<\/strong><\/p>\n<ul>\n<li>Omogu\u0107ava glatko kretanje i upravljanje vozilom.<\/li>\n<li>Izra\u0111en od visokokvalitetnih materijala za dugotrajnost.<\/li>\n<li>Precizno pristajanje na navedene modele.<\/li>\n<\/ul>\n","protected":false},"featured_media":4279,"template":"","meta":[],"product_brand":[],"product_cat":[212],"product_tag":[],"class_list":{"0":"post-4278","1":"product","2":"type-product","3":"status-publish","4":"has-post-thumbnail","6":"product_cat-sasija-cfmoto","8":"first","9":"onbackorder","10":"taxable","11":"shipping-taxable","12":"purchasable","13":"product-type-simple"},"_links":{"self":[{"href":"https:\/\/motoshopextreme.ba\/index.php?rest_route=\/wp\/v2\/product\/4278","targetHints":{"allow":["GET"]}}],"collection":[{"href":"https:\/\/motoshopextreme.ba\/index.php?rest_route=\/wp\/v2\/product"}],"about":[{"href":"https:\/\/motoshopextreme.ba\/index.php?rest_route=\/wp\/v2\/types\/product"}],"wp:featuredmedia":[{"embeddable":true,"href":"https:\/\/motoshopextreme.ba\/index.php?rest_route=\/wp\/v2\/media\/4279"}],"wp:attachment":[{"href":"https:\/\/motoshopextreme.ba\/index.php?rest_route=%2Fwp%2Fv2%2Fmedia&parent=4278"}],"wp:term":[{"taxonomy":"product_brand","embeddable":true,"href":"https:\/\/motoshopextreme.ba\/index.php?rest_route=%2Fwp%2Fv2%2Fproduct_brand&post=4278"},{"taxonomy":"product_cat","embeddable":true,"href":"https:\/\/motoshopextreme.ba\/index.php?rest_route=%2Fwp%2Fv2%2Fproduct_cat&post=4278"},{"taxonomy":"product_tag","embeddable":true,"href":"https:\/\/motoshopextreme.ba\/index.php?rest_route=%2Fwp%2Fv2%2Fproduct_tag&post=4278"}],"curies":[{"name":"wp","href":"https:\/\/api.w.org\/{rel}","templated":true}]}}