{"id":4280,"date":"2025-01-23T19:18:40","date_gmt":"2025-01-23T19:18:40","guid":{"rendered":"https:\/\/motoshopextreme.ba\/?post_type=product&#038;p=4280"},"modified":"2025-01-23T19:23:36","modified_gmt":"2025-01-23T19:23:36","slug":"donja-kugla-zglob-za-cfmoto-cf-moto-450-520","status":"publish","type":"product","link":"https:\/\/motoshopextreme.ba\/?product=donja-kugla-zglob-za-cfmoto-cf-moto-450-520","title":{"rendered":"Donja kugla zglob za CFMOTO CF MOTO 450\/520"},"content":{"rendered":"","protected":false},"excerpt":{"rendered":"<p>Originalni donji kugli\u010dni zglob dizajniran je za CFMOTO CF MOTO modele 450, 520, 625, 800 i 1000. Ovaj zglob je klju\u010dna komponenta ovjesa, omogu\u0107avaju\u0107i glatko kretanje i upravljanje vozilom.<\/p>\n<p><strong>\u0160ifra proizvoda:<\/strong> 9010-050800-20000<\/p>\n<p><strong>Karakteristike:<\/strong><\/p>\n<ul>\n<li>Omogu\u0107ava glatko kretanje i upravljanje vozilom.<\/li>\n<li>Izra\u0111en od visokokvalitetnih materijala za dugotrajnost.<\/li>\n<li>Precizno pristajanje na navedene modele.<\/li>\n<\/ul>\n","protected":false},"featured_media":4282,"template":"","meta":[],"product_brand":[],"product_cat":[212],"product_tag":[],"class_list":{"0":"post-4280","1":"product","2":"type-product","3":"status-publish","4":"has-post-thumbnail","6":"product_cat-sasija-cfmoto","8":"first","9":"onbackorder","10":"taxable","11":"shipping-taxable","12":"purchasable","13":"product-type-simple"},"_links":{"self":[{"href":"https:\/\/motoshopextreme.ba\/index.php?rest_route=\/wp\/v2\/product\/4280","targetHints":{"allow":["GET"]}}],"collection":[{"href":"https:\/\/motoshopextreme.ba\/index.php?rest_route=\/wp\/v2\/product"}],"about":[{"href":"https:\/\/motoshopextreme.ba\/index.php?rest_route=\/wp\/v2\/types\/product"}],"wp:featuredmedia":[{"embeddable":true,"href":"https:\/\/motoshopextreme.ba\/index.php?rest_route=\/wp\/v2\/media\/4282"}],"wp:attachment":[{"href":"https:\/\/motoshopextreme.ba\/index.php?rest_route=%2Fwp%2Fv2%2Fmedia&parent=4280"}],"wp:term":[{"taxonomy":"product_brand","embeddable":true,"href":"https:\/\/motoshopextreme.ba\/index.php?rest_route=%2Fwp%2Fv2%2Fproduct_brand&post=4280"},{"taxonomy":"product_cat","embeddable":true,"href":"https:\/\/motoshopextreme.ba\/index.php?rest_route=%2Fwp%2Fv2%2Fproduct_cat&post=4280"},{"taxonomy":"product_tag","embeddable":true,"href":"https:\/\/motoshopextreme.ba\/index.php?rest_route=%2Fwp%2Fv2%2Fproduct_tag&post=4280"}],"curies":[{"name":"wp","href":"https:\/\/api.w.org\/{rel}","templated":true}]}}