{"id":4285,"date":"2025-01-23T19:27:40","date_gmt":"2025-01-23T19:27:40","guid":{"rendered":"https:\/\/motoshopextreme.ba\/?post_type=product&#038;p=4285"},"modified":"2025-01-23T19:28:40","modified_gmt":"2025-01-23T19:28:40","slug":"plasticna-caura-za-cfmoto-cf-moto-400-500-600-1000","status":"publish","type":"product","link":"https:\/\/motoshopextreme.ba\/?product=plasticna-caura-za-cfmoto-cf-moto-400-500-600-1000","title":{"rendered":"Plasti\u010dna \u010daura za CFMOTO CF MOTO 400\/500\/600\/1000"},"content":{"rendered":"","protected":false},"excerpt":{"rendered":"<p>Originalna kratka \u010daura (\u0161ifra proizvoda: 5ASV-050002-6001) dizajnirana je za CFMOTO CF MOTO modele 400, 500, 600 i 1000. Ova komponenta je klju\u010dna za pravilno funkcionisanje zadnjeg ovjesa, osiguravaju\u0107i stabilnost i udobnost tokom vo\u017enje.<\/p>\n<p><strong>\u0160ifra proizvoda:<\/strong> 5ASV-050002-6001<\/p>\n<p><strong>Karakteristike:<\/strong><\/p>\n<ul>\n<li>Pobolj\u0161ava stabilnost i udobnost vozila.<\/li>\n<li>Izra\u0111ena od visokokvalitetnih materijala za dugotrajnost.<\/li>\n<li>Precizno pristajanje na navedene modele.<\/li>\n<\/ul>\n","protected":false},"featured_media":4286,"template":"","meta":[],"product_brand":[],"product_cat":[212],"product_tag":[],"class_list":{"0":"post-4285","1":"product","2":"type-product","3":"status-publish","4":"has-post-thumbnail","6":"product_cat-sasija-cfmoto","8":"first","9":"onbackorder","10":"taxable","11":"shipping-taxable","12":"purchasable","13":"product-type-simple"},"_links":{"self":[{"href":"https:\/\/motoshopextreme.ba\/index.php?rest_route=\/wp\/v2\/product\/4285","targetHints":{"allow":["GET"]}}],"collection":[{"href":"https:\/\/motoshopextreme.ba\/index.php?rest_route=\/wp\/v2\/product"}],"about":[{"href":"https:\/\/motoshopextreme.ba\/index.php?rest_route=\/wp\/v2\/types\/product"}],"wp:featuredmedia":[{"embeddable":true,"href":"https:\/\/motoshopextreme.ba\/index.php?rest_route=\/wp\/v2\/media\/4286"}],"wp:attachment":[{"href":"https:\/\/motoshopextreme.ba\/index.php?rest_route=%2Fwp%2Fv2%2Fmedia&parent=4285"}],"wp:term":[{"taxonomy":"product_brand","embeddable":true,"href":"https:\/\/motoshopextreme.ba\/index.php?rest_route=%2Fwp%2Fv2%2Fproduct_brand&post=4285"},{"taxonomy":"product_cat","embeddable":true,"href":"https:\/\/motoshopextreme.ba\/index.php?rest_route=%2Fwp%2Fv2%2Fproduct_cat&post=4285"},{"taxonomy":"product_tag","embeddable":true,"href":"https:\/\/motoshopextreme.ba\/index.php?rest_route=%2Fwp%2Fv2%2Fproduct_tag&post=4285"}],"curies":[{"name":"wp","href":"https:\/\/api.w.org\/{rel}","templated":true}]}}