{"id":4298,"date":"2025-01-23T19:48:36","date_gmt":"2025-01-23T19:48:36","guid":{"rendered":"https:\/\/motoshopextreme.ba\/?post_type=product&#038;p=4298"},"modified":"2025-01-23T19:49:48","modified_gmt":"2025-01-23T19:49:48","slug":"upravljaca-volan-guvernal-za-cfmoto-cf-moto-400-500","status":"publish","type":"product","link":"https:\/\/motoshopextreme.ba\/?product=upravljaca-volan-guvernal-za-cfmoto-cf-moto-400-500","title":{"rendered":"Upravlja\u010da Volan Guvernal za CFMOTO CF MOTO 400\/500"},"content":{"rendered":"","protected":false},"excerpt":{"rendered":"<p>Originalni skup upravlja\u010da (\u0161ifra proizvoda: 9DQV-101100-3001) dizajniran je za CFMOTO CF MOTO modele 400 i 500. Ovaj upravlja\u010d omogu\u0107ava precizno i udobno upravljanje va\u0161im vozilom, osiguravaju\u0107i optimalnu kontrolu tokom vo\u017enje.<\/p>\n<p><strong>\u0160ifra proizvoda:<\/strong> 9DQV-101100-3001<\/p>\n<p><strong>Karakteristike:<\/strong><\/p>\n<ul>\n<li>Omogu\u0107ava precizno i udobno upravljanje vozilom.<\/li>\n<li>Izra\u0111en od visokokvalitetnih materijala za dugotrajnost.<\/li>\n<li>Precizno pristajanje na navedene modele.<\/li>\n<\/ul>\n","protected":false},"featured_media":4299,"template":"","meta":[],"product_brand":[],"product_cat":[212],"product_tag":[],"class_list":{"0":"post-4298","1":"product","2":"type-product","3":"status-publish","4":"has-post-thumbnail","6":"product_cat-sasija-cfmoto","8":"first","9":"onbackorder","10":"taxable","11":"shipping-taxable","12":"purchasable","13":"product-type-simple"},"_links":{"self":[{"href":"https:\/\/motoshopextreme.ba\/index.php?rest_route=\/wp\/v2\/product\/4298","targetHints":{"allow":["GET"]}}],"collection":[{"href":"https:\/\/motoshopextreme.ba\/index.php?rest_route=\/wp\/v2\/product"}],"about":[{"href":"https:\/\/motoshopextreme.ba\/index.php?rest_route=\/wp\/v2\/types\/product"}],"wp:featuredmedia":[{"embeddable":true,"href":"https:\/\/motoshopextreme.ba\/index.php?rest_route=\/wp\/v2\/media\/4299"}],"wp:attachment":[{"href":"https:\/\/motoshopextreme.ba\/index.php?rest_route=%2Fwp%2Fv2%2Fmedia&parent=4298"}],"wp:term":[{"taxonomy":"product_brand","embeddable":true,"href":"https:\/\/motoshopextreme.ba\/index.php?rest_route=%2Fwp%2Fv2%2Fproduct_brand&post=4298"},{"taxonomy":"product_cat","embeddable":true,"href":"https:\/\/motoshopextreme.ba\/index.php?rest_route=%2Fwp%2Fv2%2Fproduct_cat&post=4298"},{"taxonomy":"product_tag","embeddable":true,"href":"https:\/\/motoshopextreme.ba\/index.php?rest_route=%2Fwp%2Fv2%2Fproduct_tag&post=4298"}],"curies":[{"name":"wp","href":"https:\/\/api.w.org\/{rel}","templated":true}]}}