{"id":4300,"date":"2025-01-23T19:55:24","date_gmt":"2025-01-23T19:55:24","guid":{"rendered":"https:\/\/motoshopextreme.ba\/?post_type=product&#038;p=4300"},"modified":"2025-01-23T19:56:00","modified_gmt":"2025-01-23T19:56:00","slug":"sajla-gasa-za-cfmoto-cf-moto-400-500-600","status":"publish","type":"product","link":"https:\/\/motoshopextreme.ba\/?product=sajla-gasa-za-cfmoto-cf-moto-400-500-600","title":{"rendered":"Sajla gasa za CFMOTO CF MOTO 400\/500\/600"},"content":{"rendered":"","protected":false},"excerpt":{"rendered":"<p>Originalna sajla gasa (\u0161ifra proizvoda: 9CR6-105000) dizajnirana je za CFMOTO CF MOTO modele 400, 500 i 600. Ova sajla omogu\u0107ava preciznu kontrolu gasa, osiguravaju\u0107i optimalne performanse va\u0161eg vozila.<\/p>\n<p><strong>\u0160ifra proizvoda:<\/strong> 9CR6-105000<\/p>\n<p><strong>Karakteristike:<\/strong><\/p>\n<ul>\n<li>Omogu\u0107ava preciznu kontrolu gasa.<\/li>\n<li>Izra\u0111ena od visokokvalitetnih materijala za dugotrajnost.<\/li>\n<li>Precizno pristajanje na navedene modele.<\/li>\n<\/ul>\n","protected":false},"featured_media":4301,"template":"","meta":[],"product_brand":[],"product_cat":[212],"product_tag":[],"class_list":{"0":"post-4300","1":"product","2":"type-product","3":"status-publish","4":"has-post-thumbnail","6":"product_cat-sasija-cfmoto","8":"first","9":"onbackorder","10":"taxable","11":"shipping-taxable","12":"purchasable","13":"product-type-simple"},"_links":{"self":[{"href":"https:\/\/motoshopextreme.ba\/index.php?rest_route=\/wp\/v2\/product\/4300","targetHints":{"allow":["GET"]}}],"collection":[{"href":"https:\/\/motoshopextreme.ba\/index.php?rest_route=\/wp\/v2\/product"}],"about":[{"href":"https:\/\/motoshopextreme.ba\/index.php?rest_route=\/wp\/v2\/types\/product"}],"wp:featuredmedia":[{"embeddable":true,"href":"https:\/\/motoshopextreme.ba\/index.php?rest_route=\/wp\/v2\/media\/4301"}],"wp:attachment":[{"href":"https:\/\/motoshopextreme.ba\/index.php?rest_route=%2Fwp%2Fv2%2Fmedia&parent=4300"}],"wp:term":[{"taxonomy":"product_brand","embeddable":true,"href":"https:\/\/motoshopextreme.ba\/index.php?rest_route=%2Fwp%2Fv2%2Fproduct_brand&post=4300"},{"taxonomy":"product_cat","embeddable":true,"href":"https:\/\/motoshopextreme.ba\/index.php?rest_route=%2Fwp%2Fv2%2Fproduct_cat&post=4300"},{"taxonomy":"product_tag","embeddable":true,"href":"https:\/\/motoshopextreme.ba\/index.php?rest_route=%2Fwp%2Fv2%2Fproduct_tag&post=4300"}],"curies":[{"name":"wp","href":"https:\/\/api.w.org\/{rel}","templated":true}]}}