{"id":4308,"date":"2025-01-23T20:06:58","date_gmt":"2025-01-23T20:06:58","guid":{"rendered":"https:\/\/motoshopextreme.ba\/?post_type=product&#038;p=4308"},"modified":"2025-01-23T20:09:13","modified_gmt":"2025-01-23T20:09:13","slug":"pozicijsko-svjetlo-za-cfmoto-cf-moto-450-520-625","status":"publish","type":"product","link":"https:\/\/motoshopextreme.ba\/?product=pozicijsko-svjetlo-za-cfmoto-cf-moto-450-520-625","title":{"rendered":"Pozicijsko svjetlo za CFMOTO CF MOTO 450\/520\/625"},"content":{"rendered":"","protected":false},"excerpt":{"rendered":"<p>Originalno pozicijsko svjetlo (\u0161ifra proizvoda: 9DSV-160230-6003) dizajnirano je za CFMOTO CF MOTO modele 450, 520 i 625. Ovo svjetlo pobolj\u0161ava vidljivost vozila, pove\u0107avaju\u0107i sigurnost tokom vo\u017enje.<\/p>\n<p><strong>\u0160ifra proizvoda:<\/strong> 9DSV-160230-6003<\/p>\n<p><strong>Karakteristike:<\/strong><\/p>\n<ul>\n<li>Pobolj\u0161ava vidljivost vozila.<\/li>\n<li>Pove\u0107ava sigurnost tokom vo\u017enje.<\/li>\n<li>Izra\u0111eno od visokokvalitetnih materijala za dugotrajnost.<\/li>\n<\/ul>\n","protected":false},"featured_media":4309,"template":"","meta":[],"product_brand":[],"product_cat":[212],"product_tag":[],"class_list":{"0":"post-4308","1":"product","2":"type-product","3":"status-publish","4":"has-post-thumbnail","6":"product_cat-sasija-cfmoto","8":"first","9":"onbackorder","10":"taxable","11":"shipping-taxable","12":"purchasable","13":"product-type-simple"},"_links":{"self":[{"href":"https:\/\/motoshopextreme.ba\/index.php?rest_route=\/wp\/v2\/product\/4308","targetHints":{"allow":["GET"]}}],"collection":[{"href":"https:\/\/motoshopextreme.ba\/index.php?rest_route=\/wp\/v2\/product"}],"about":[{"href":"https:\/\/motoshopextreme.ba\/index.php?rest_route=\/wp\/v2\/types\/product"}],"wp:featuredmedia":[{"embeddable":true,"href":"https:\/\/motoshopextreme.ba\/index.php?rest_route=\/wp\/v2\/media\/4309"}],"wp:attachment":[{"href":"https:\/\/motoshopextreme.ba\/index.php?rest_route=%2Fwp%2Fv2%2Fmedia&parent=4308"}],"wp:term":[{"taxonomy":"product_brand","embeddable":true,"href":"https:\/\/motoshopextreme.ba\/index.php?rest_route=%2Fwp%2Fv2%2Fproduct_brand&post=4308"},{"taxonomy":"product_cat","embeddable":true,"href":"https:\/\/motoshopextreme.ba\/index.php?rest_route=%2Fwp%2Fv2%2Fproduct_cat&post=4308"},{"taxonomy":"product_tag","embeddable":true,"href":"https:\/\/motoshopextreme.ba\/index.php?rest_route=%2Fwp%2Fv2%2Fproduct_tag&post=4308"}],"curies":[{"name":"wp","href":"https:\/\/api.w.org\/{rel}","templated":true}]}}